{"id":2881,"date":"2026-05-05T19:11:11","date_gmt":"2026-05-05T19:11:11","guid":{"rendered":"https:\/\/jeanetteornelas.com\/?post_type=product&#038;p=2881"},"modified":"2026-05-05T19:11:41","modified_gmt":"2026-05-05T19:11:41","slug":"curar-o-coracao-imersao-terapeutica-e-artistica-de-um-dia","status":"publish","type":"product","link":"https:\/\/jeanetteornelas.com\/es\/producto\/curar-o-coracao-imersao-terapeutica-e-artistica-de-um-dia\/","title":{"rendered":"Curar o Cora\u00e7\u00e3o &#8211; Imers\u00e3o Terap\u00eautica e Art\u00edstica de Um Dia"},"content":{"rendered":"<p><strong>Curar o Cora\u00e7\u00e3o<\/strong><br \/>\nImers\u00e3o Terap\u00eautica e Art\u00edstica de Um Dia<\/p>\n<p>com acompanhamento de 7 dias de integra\u00e7\u00e3o<\/p>\n<p>Uma experi\u00eancia profunda onde o corpo, a emo\u00e7\u00e3o e a mat\u00e9ria se encontram.<\/p>\n<p>Ao longo de um dia completo, vais dar forma ao teu cora\u00e7\u00e3o, atravessar um momento de rutura consciente e reconstru\u00ed-lo com um novo significado \u2014 integrando no corpo aquilo que a mente j\u00e1 n\u00e3o resolve.<\/p>\n<p>Para mais informa\u00e7\u00f5es detalhadas sobre a experi\u00eancia, consulta a p\u00e1gina completa do evento.<\/p>\n<p><strong>Local:<\/strong> Centro de Terapias Jeanette Ornelas \u2013 Torres Vedras<\/p>\n<p><strong>Data:<\/strong> 20 de Junho<\/p>\n<p><strong>Investimento:<\/strong> <strong>260\u20ac (material inclu\u00eddo)<\/strong><\/p>\n<p>Grupo \u00edntimo (m\u00e1x. 6 participantes)<\/p>\n<p>______________________________________________________________<\/p>\n<p><strong><em>Nota: <\/em><\/strong>Ap\u00f3s a inscri\u00e7\u00e3o, ir\u00e1s receber todas as informa\u00e7\u00f5es necess\u00e1rias para prepara\u00e7\u00e3o do encontro.<\/p>","protected":false},"excerpt":{"rendered":"<p>Curar o Cora\u00e7\u00e3o Imers\u00e3o Terap\u00eautica e Art\u00edstica de Um Dia com acompanhamento de 7 dias de integra\u00e7\u00e3o Uma experi\u00eancia profunda onde o corpo, a emo\u00e7\u00e3o e a mat\u00e9ria se encontram. Ao longo de um dia completo, vais dar forma ao teu cora\u00e7\u00e3o, atravessar um momento de rutura consciente e reconstru\u00ed-lo com um novo significado \u2014 [&hellip;]<\/p>\n","protected":false},"featured_media":2883,"template":"","meta":{"_uag_custom_page_level_css":"","site-sidebar-layout":"default","site-content-layout":"","ast-site-content-layout":"default","site-content-style":"default","site-sidebar-style":"default","ast-global-header-display":"","ast-banner-title-visibility":"","ast-main-header-display":"","ast-hfb-above-header-display":"","ast-hfb-below-header-display":"","ast-hfb-mobile-header-display":"","site-post-title":"","ast-breadcrumbs-content":"","ast-featured-img":"","footer-sml-layout":"","ast-disable-related-posts":"","theme-transparent-header-meta":"default","adv-header-id-meta":"","stick-header-meta":"","header-above-stick-meta":"","header-main-stick-meta":"","header-below-stick-meta":"","astra-migrate-meta-layouts":"set","ast-page-background-enabled":"default","ast-page-background-meta":{"desktop":{"background-color":"","background-image":"","background-repeat":"repeat","background-position":"center center","background-size":"auto","background-attachment":"scroll","background-type":"","background-media":"","overlay-type":"","overlay-color":"","overlay-opacity":"","overlay-gradient":""},"tablet":{"background-color":"","background-image":"","background-repeat":"repeat","background-position":"center center","background-size":"auto","background-attachment":"scroll","background-type":"","background-media":"","overlay-type":"","overlay-color":"","overlay-opacity":"","overlay-gradient":""},"mobile":{"background-color":"","background-image":"","background-repeat":"repeat","background-position":"center center","background-size":"auto","background-attachment":"scroll","background-type":"","background-media":"","overlay-type":"","overlay-color":"","overlay-opacity":"","overlay-gradient":""}},"ast-content-background-meta":{"desktop":{"background-color":"var(--ast-global-color-5)","background-image":"","background-repeat":"repeat","background-position":"center center","background-size":"auto","background-attachment":"scroll","background-type":"","background-media":"","overlay-type":"","overlay-color":"","overlay-opacity":"","overlay-gradient":""},"tablet":{"background-color":"var(--ast-global-color-5)","background-image":"","background-repeat":"repeat","background-position":"center center","background-size":"auto","background-attachment":"scroll","background-type":"","background-media":"","overlay-type":"","overlay-color":"","overlay-opacity":"","overlay-gradient":""},"mobile":{"background-color":"var(--ast-global-color-5)","background-image":"","background-repeat":"repeat","background-position":"center center","background-size":"auto","background-attachment":"scroll","background-type":"","background-media":"","overlay-type":"","overlay-color":"","overlay-opacity":"","overlay-gradient":""}},"_wp_convertkit_post_meta":{"form":"-1","landing_page":"0","tag":"0","restrict_content":"0"},"_joinchat":[]},"product_brand":[],"product_cat":[35],"product_tag":[],"class_list":{"0":"post-2881","1":"product","2":"type-product","3":"status-publish","4":"has-post-thumbnail","6":"product_cat-consultas","7":"desktop-align-center","8":"tablet-align-left","9":"mobile-align-left","11":"first","12":"instock","13":"virtual","14":"purchasable","15":"product-type-simple"},"uagb_featured_image_src":{"full":["https:\/\/jeanetteornelas.com\/wp-content\/uploads\/2026\/05\/Curar-o-coracao.jpg",800,800,false],"thumbnail":["https:\/\/jeanetteornelas.com\/wp-content\/uploads\/2026\/05\/Curar-o-coracao-150x150.jpg",150,150,true],"medium":["https:\/\/jeanetteornelas.com\/wp-content\/uploads\/2026\/05\/Curar-o-coracao-300x300.jpg",300,300,true],"medium_large":["https:\/\/jeanetteornelas.com\/wp-content\/uploads\/2026\/05\/Curar-o-coracao-768x768.jpg",768,768,true],"large":["https:\/\/jeanetteornelas.com\/wp-content\/uploads\/2026\/05\/Curar-o-coracao.jpg",800,800,false],"1536x1536":["https:\/\/jeanetteornelas.com\/wp-content\/uploads\/2026\/05\/Curar-o-coracao.jpg",800,800,false],"2048x2048":["https:\/\/jeanetteornelas.com\/wp-content\/uploads\/2026\/05\/Curar-o-coracao.jpg",800,800,false],"trp-custom-language-flag":["https:\/\/jeanetteornelas.com\/wp-content\/uploads\/2026\/05\/Curar-o-coracao-12x12.jpg",12,12,true],"woocommerce_thumbnail":["https:\/\/jeanetteornelas.com\/wp-content\/uploads\/2026\/05\/Curar-o-coracao-300x300.jpg",300,300,true],"woocommerce_single":["https:\/\/jeanetteornelas.com\/wp-content\/uploads\/2026\/05\/Curar-o-coracao-600x600.jpg",600,600,true],"woocommerce_gallery_thumbnail":["https:\/\/jeanetteornelas.com\/wp-content\/uploads\/2026\/05\/Curar-o-coracao-100x100.jpg",100,100,true]},"uagb_author_info":{"display_name":"katmaia","author_link":"https:\/\/jeanetteornelas.com\/es\/author\/"},"uagb_comment_info":0,"uagb_excerpt":"Curar o Cora\u00e7\u00e3o Imers\u00e3o Terap\u00eautica e Art\u00edstica de Um Dia com acompanhamento de 7 dias de integra\u00e7\u00e3o Uma experi\u00eancia profunda onde o corpo, a emo\u00e7\u00e3o e a mat\u00e9ria se encontram. Ao longo de um dia completo, vais dar forma ao teu cora\u00e7\u00e3o, atravessar um momento de rutura consciente e reconstru\u00ed-lo com um novo significado \u2014&hellip;","_links":{"self":[{"href":"https:\/\/jeanetteornelas.com\/es\/wp-json\/wp\/v2\/product\/2881","targetHints":{"allow":["GET"]}}],"collection":[{"href":"https:\/\/jeanetteornelas.com\/es\/wp-json\/wp\/v2\/product"}],"about":[{"href":"https:\/\/jeanetteornelas.com\/es\/wp-json\/wp\/v2\/types\/product"}],"version-history":[{"count":2,"href":"https:\/\/jeanetteornelas.com\/es\/wp-json\/wp\/v2\/product\/2881\/revisions"}],"predecessor-version":[{"id":2884,"href":"https:\/\/jeanetteornelas.com\/es\/wp-json\/wp\/v2\/product\/2881\/revisions\/2884"}],"wp:featuredmedia":[{"embeddable":true,"href":"https:\/\/jeanetteornelas.com\/es\/wp-json\/wp\/v2\/media\/2883"}],"wp:attachment":[{"href":"https:\/\/jeanetteornelas.com\/es\/wp-json\/wp\/v2\/media?parent=2881"}],"wp:term":[{"taxonomy":"product_brand","embeddable":true,"href":"https:\/\/jeanetteornelas.com\/es\/wp-json\/wp\/v2\/product_brand?post=2881"},{"taxonomy":"product_cat","embeddable":true,"href":"https:\/\/jeanetteornelas.com\/es\/wp-json\/wp\/v2\/product_cat?post=2881"},{"taxonomy":"product_tag","embeddable":true,"href":"https:\/\/jeanetteornelas.com\/es\/wp-json\/wp\/v2\/product_tag?post=2881"}],"curies":[{"name":"wp","href":"https:\/\/api.w.org\/{rel}","templated":true}]}}