{"id":2327,"date":"2025-07-27T21:54:04","date_gmt":"2025-07-27T21:54:04","guid":{"rendered":"https:\/\/jeanetteornelas.com\/?post_type=product&#038;p=2327"},"modified":"2025-10-31T22:57:11","modified_gmt":"2025-10-31T22:57:11","slug":"apoio-terapeutico-diario-lunar","status":"publish","type":"product","link":"https:\/\/jeanetteornelas.com\/es\/producto\/apoio-terapeutico-diario-lunar\/","title":{"rendered":"Apoio Terap\u00eautico Di\u00e1rio Lunar"},"content":{"rendered":"<p>Apoio Terap\u00eautico Di\u00e1rio Lunar<\/p>\n<p>\u2728 Inclui:<br \/>\n\u2714\ufe0f <strong>1 Elixir Lunar (30 ml)<\/strong><br \/>\n\u2192 Escolhido entre:<\/p>\n<ul>\n<li>Elixir da Sintoniza\u00e7\u00e3o Interior (universal)<\/li>\n<li>Elixir da Travessia Feminina (perimenopausa)<\/li>\n<li>Elixir da Mulher Inteira (p\u00f3s-menopausa)<\/li>\n<\/ul>\n<p>\u2714\ufe0f <strong>4 Roll-ons Lunares (5 ml cada)<\/strong><br \/>\n\u2192 Correspondentes \u00e0s 4 fases da Lua:<\/p>\n<ul>\n<li class=\"cvGsUA direction-ltr align-center para-style-body\"><span class=\"OYPEnA font-feature-liga-off font-feature-clig-off font-feature-calt-off text-decoration-none text-strikethrough-none\"> Lua Nova \u2192 introspec\u00e7\u00e3o e sil\u00eancio<\/span><\/li>\n<li class=\"cvGsUA direction-ltr align-center para-style-body\"> Lua Crescente \u2192 foco e organiza\u00e7\u00e3o<\/li>\n<li class=\"cvGsUA direction-ltr align-center para-style-body\"> Lua Cheia \u2192 express\u00e3o e celebra\u00e7\u00e3o<\/li>\n<li class=\"cvGsUA direction-ltr align-center para-style-body\"> Lua Minguante \u2192 limpeza e desapego<\/li>\n<\/ul>\n<p>\u2192 Com \u00f3leos essenciais, em base de coco MCT<\/p>\n<p><span class=\"OYPEnA font-feature-liga-off font-feature-clig-off font-feature-calt-off text-decoration-none text-strikethrough-none\">Aplica\u00e7\u00e3o intuitiva: t\u00eamporas, cora\u00e7\u00e3o, pulsos, p\u00e9s&#8230;<\/span><\/p>\n<p>&nbsp;<\/p>\n<p>Valor do Apoio Di\u00e1rio Lunar<\/p>\n<ul>\n<li>Kit completo (1 Elixir + 4 Roll-ons): 72\u202f\u20ac<\/li>\n<li>Elixir (30ml) : 35\u20ac<\/li>\n<li>Kit 4 Roll-ons (10ml): 68\u20ac<\/li>\n<li>Kit 4 Roll-ons (5ml): 38\u20ac<\/li>\n<li>Roll-on avulso (10ml): 18\u20ac<\/li>\n<li>Roll-on avulso (5ml): 10\u20ac<\/li>\n<\/ul>\n<p>(+ 5\u202f\u20ac de envio para Portugal continental)<\/p>\n<p>_______________________________________________<\/p>\n<p><em>* Produto artesanal personalizado \u00e0s necessidades de cada cliente. As indica\u00e7\u00f5es de uso adequadas a cada cliente seguem na encomenda.\u00a0<\/em><\/p>","protected":false},"excerpt":{"rendered":"<p>\u2728 Kit Inclui:<br \/>\n\u2714\ufe0f 1 Elixir Lunar (30 ml) + \u2714\ufe0f 4 Roll-ons Lunares (5 ml cada)<\/p>","protected":false},"featured_media":2449,"template":"","meta":{"_uag_custom_page_level_css":"","site-sidebar-layout":"default","site-content-layout":"","ast-site-content-layout":"default","site-content-style":"default","site-sidebar-style":"default","ast-global-header-display":"","ast-banner-title-visibility":"","ast-main-header-display":"","ast-hfb-above-header-display":"","ast-hfb-below-header-display":"","ast-hfb-mobile-header-display":"","site-post-title":"","ast-breadcrumbs-content":"","ast-featured-img":"","footer-sml-layout":"","ast-disable-related-posts":"","theme-transparent-header-meta":"default","adv-header-id-meta":"","stick-header-meta":"","header-above-stick-meta":"","header-main-stick-meta":"","header-below-stick-meta":"","astra-migrate-meta-layouts":"set","ast-page-background-enabled":"default","ast-page-background-meta":{"desktop":{"background-color":"","background-image":"","background-repeat":"repeat","background-position":"center center","background-size":"auto","background-attachment":"scroll","background-type":"","background-media":"","overlay-type":"","overlay-color":"","overlay-opacity":"","overlay-gradient":""},"tablet":{"background-color":"","background-image":"","background-repeat":"repeat","background-position":"center center","background-size":"auto","background-attachment":"scroll","background-type":"","background-media":"","overlay-type":"","overlay-color":"","overlay-opacity":"","overlay-gradient":""},"mobile":{"background-color":"","background-image":"","background-repeat":"repeat","background-position":"center center","background-size":"auto","background-attachment":"scroll","background-type":"","background-media":"","overlay-type":"","overlay-color":"","overlay-opacity":"","overlay-gradient":""}},"ast-content-background-meta":{"desktop":{"background-color":"var(--ast-global-color-5)","background-image":"","background-repeat":"repeat","background-position":"center center","background-size":"auto","background-attachment":"scroll","background-type":"","background-media":"","overlay-type":"","overlay-color":"","overlay-opacity":"","overlay-gradient":""},"tablet":{"background-color":"var(--ast-global-color-5)","background-image":"","background-repeat":"repeat","background-position":"center center","background-size":"auto","background-attachment":"scroll","background-type":"","background-media":"","overlay-type":"","overlay-color":"","overlay-opacity":"","overlay-gradient":""},"mobile":{"background-color":"var(--ast-global-color-5)","background-image":"","background-repeat":"repeat","background-position":"center center","background-size":"auto","background-attachment":"scroll","background-type":"","background-media":"","overlay-type":"","overlay-color":"","overlay-opacity":"","overlay-gradient":""}},"_wp_convertkit_post_meta":{"form":"-1","landing_page":"","tag":"0","restrict_content":"0"},"_joinchat":[]},"product_brand":[],"product_cat":[34],"product_tag":[],"class_list":{"0":"post-2327","1":"product","2":"type-product","3":"status-publish","4":"has-post-thumbnail","6":"product_cat-ebooks","7":"desktop-align-center","8":"tablet-align-left","9":"mobile-align-left","11":"first","12":"instock","13":"shipping-taxable","14":"purchasable","15":"product-type-variable"},"uagb_featured_image_src":{"full":["https:\/\/jeanetteornelas.com\/wp-content\/uploads\/2025\/07\/Apoio-Terapeutico-Diario-Lunar.jpg",800,800,false],"thumbnail":["https:\/\/jeanetteornelas.com\/wp-content\/uploads\/2025\/07\/Apoio-Terapeutico-Diario-Lunar-150x150.jpg",150,150,true],"medium":["https:\/\/jeanetteornelas.com\/wp-content\/uploads\/2025\/07\/Apoio-Terapeutico-Diario-Lunar-300x300.jpg",300,300,true],"medium_large":["https:\/\/jeanetteornelas.com\/wp-content\/uploads\/2025\/07\/Apoio-Terapeutico-Diario-Lunar-768x768.jpg",768,768,true],"large":["https:\/\/jeanetteornelas.com\/wp-content\/uploads\/2025\/07\/Apoio-Terapeutico-Diario-Lunar.jpg",800,800,false],"1536x1536":["https:\/\/jeanetteornelas.com\/wp-content\/uploads\/2025\/07\/Apoio-Terapeutico-Diario-Lunar.jpg",800,800,false],"2048x2048":["https:\/\/jeanetteornelas.com\/wp-content\/uploads\/2025\/07\/Apoio-Terapeutico-Diario-Lunar.jpg",800,800,false],"trp-custom-language-flag":["https:\/\/jeanetteornelas.com\/wp-content\/uploads\/2025\/07\/Apoio-Terapeutico-Diario-Lunar-12x12.jpg",12,12,true],"woocommerce_thumbnail":["https:\/\/jeanetteornelas.com\/wp-content\/uploads\/2025\/07\/Apoio-Terapeutico-Diario-Lunar-300x300.jpg",300,300,true],"woocommerce_single":["https:\/\/jeanetteornelas.com\/wp-content\/uploads\/2025\/07\/Apoio-Terapeutico-Diario-Lunar-600x600.jpg",600,600,true],"woocommerce_gallery_thumbnail":["https:\/\/jeanetteornelas.com\/wp-content\/uploads\/2025\/07\/Apoio-Terapeutico-Diario-Lunar-100x100.jpg",100,100,true]},"uagb_author_info":{"display_name":"katmaia","author_link":"https:\/\/jeanetteornelas.com\/es\/author\/"},"uagb_comment_info":0,"uagb_excerpt":"\u2728 Kit Inclui: \u2714\ufe0f 1 Elixir Lunar (30 ml) + \u2714\ufe0f 4 Roll-ons Lunares (5 ml cada)","_links":{"self":[{"href":"https:\/\/jeanetteornelas.com\/es\/wp-json\/wp\/v2\/product\/2327","targetHints":{"allow":["GET"]}}],"collection":[{"href":"https:\/\/jeanetteornelas.com\/es\/wp-json\/wp\/v2\/product"}],"about":[{"href":"https:\/\/jeanetteornelas.com\/es\/wp-json\/wp\/v2\/types\/product"}],"version-history":[{"count":8,"href":"https:\/\/jeanetteornelas.com\/es\/wp-json\/wp\/v2\/product\/2327\/revisions"}],"predecessor-version":[{"id":2450,"href":"https:\/\/jeanetteornelas.com\/es\/wp-json\/wp\/v2\/product\/2327\/revisions\/2450"}],"wp:featuredmedia":[{"embeddable":true,"href":"https:\/\/jeanetteornelas.com\/es\/wp-json\/wp\/v2\/media\/2449"}],"wp:attachment":[{"href":"https:\/\/jeanetteornelas.com\/es\/wp-json\/wp\/v2\/media?parent=2327"}],"wp:term":[{"taxonomy":"product_brand","embeddable":true,"href":"https:\/\/jeanetteornelas.com\/es\/wp-json\/wp\/v2\/product_brand?post=2327"},{"taxonomy":"product_cat","embeddable":true,"href":"https:\/\/jeanetteornelas.com\/es\/wp-json\/wp\/v2\/product_cat?post=2327"},{"taxonomy":"product_tag","embeddable":true,"href":"https:\/\/jeanetteornelas.com\/es\/wp-json\/wp\/v2\/product_tag?post=2327"}],"curies":[{"name":"wp","href":"https:\/\/api.w.org\/{rel}","templated":true}]}}