{"id":2261,"date":"2025-06-20T11:31:26","date_gmt":"2025-06-20T11:31:26","guid":{"rendered":"https:\/\/jeanetteornelas.com\/?post_type=product&#038;p=2261"},"modified":"2025-10-31T22:56:44","modified_gmt":"2025-10-31T22:56:44","slug":"apoio-terapeutico-opcional-kit-ritual-alquimico-o-inicio-do-teu-caminho-alquimico-na-menopausa","status":"publish","type":"product","link":"https:\/\/jeanetteornelas.com\/es\/producto\/apoio-terapeutico-opcional-kit-ritual-alquimico-o-inicio-do-teu-caminho-alquimico-na-menopausa\/","title":{"rendered":"Kit Ritual Alqu\u00edmico &#8211; O In\u00edcio do Teu Caminho Alqu\u00edmico na Menopausa"},"content":{"rendered":"<p><strong>Um programa sensorial, simb\u00f3lico e terap\u00eautico para atravessar a menopausa com consci\u00eancia, prazer e verdade.<\/strong><\/p>\n<p>A menopausa \u00e9 mais do que uma fase biol\u00f3gica.<br \/>\n\u00c9 uma travessia.<br \/>\nUm portal de morte simb\u00f3lica e renascimento interior.<\/p>\n<p>Este programa foi criado para te acompanhar nesse in\u00edcio \u2014 com pr\u00e1ticas simples, profundas e sagradas \u2014 que te ajudam a escutar o corpo, compreender os sintomas, libertar o que j\u00e1 n\u00e3o serve\u2026 e honrar a mulher que est\u00e1 a emergir em ti.<\/p>\n<p>&nbsp;<\/p>\n<p><strong>Apoio Terap\u00eautico Opcional \u2013 Kit Ritual Alqu\u00edmico<\/strong><br \/>\nSe quiseres aprofundar a experi\u00eancia com apoio vibracional e sensorial, podes encomendar o Kit Ritual que acompanha cada etapa com inten\u00e7\u00e3o e presen\u00e7a.<\/p>\n<p>Inclui:<\/p>\n<ul>\n<li>1 Floral vibracional de 30ml \u2013 \u201cFlor da Travessia\u201d\n<ul>\n<li>F\u00f3rmula energ\u00e9tica para suavizar o medo da mudan\u00e7a e abrir espa\u00e7o interior para o novo.<\/li>\n<\/ul>\n<\/li>\n<li>9 Frascos arom\u00e1ticos de 2ml\n<ul>\n<li>Criados para acompanhar os exerc\u00edcios com composi\u00e7\u00e3o simb\u00f3lica:\n<ul>\n<li>g\u00e1lbano, ang\u00e9lica, rosa, alecrim, s\u00e2ndalo, l\u00e1dano, ol\u00edbano, vetiver e gengibre<br \/>\n(em base vegetal com extrato funcional)<\/li>\n<\/ul>\n<\/li>\n<\/ul>\n<\/li>\n<\/ul>\n<p>Cada frasco \u00e9 uma \u00e2ncora arom\u00e1tica para apoiar corpo, emo\u00e7\u00e3o, mente e alma.<\/p>\n<p>&nbsp;<\/p>\n<p>Valores simb\u00f3licos:<\/p>\n<p><strong>Kit Ritual Alqu\u00edmico: 63\u20ac<\/strong><br \/>\n(N\u00famero 9 \u2013 travessia interior e integra\u00e7\u00e3o)<\/p>\n<p>Este \u00e9 o teu in\u00edcio.<br \/>\nO momento de escuta.<br \/>\nDe soltar.<br \/>\nDe te tornares quem vieste ser.<\/p>\n<p>Com presen\u00e7a e verdade<\/p>","protected":false},"excerpt":{"rendered":"<p>Um programa sensorial, simb\u00f3lico e terap\u00eautico para atravessar a menopausa com consci\u00eancia, prazer e verdade. A menopausa \u00e9 mais do que uma fase biol\u00f3gica. \u00c9 uma travessia. Um portal de morte simb\u00f3lica e renascimento interior. Este programa foi criado para te acompanhar nesse in\u00edcio \u2014 com pr\u00e1ticas simples, profundas e sagradas \u2014 que te ajudam [&hellip;]<\/p>\n","protected":false},"featured_media":2418,"template":"","meta":{"_uag_custom_page_level_css":"","site-sidebar-layout":"default","site-content-layout":"","ast-site-content-layout":"default","site-content-style":"default","site-sidebar-style":"default","ast-global-header-display":"","ast-banner-title-visibility":"","ast-main-header-display":"","ast-hfb-above-header-display":"","ast-hfb-below-header-display":"","ast-hfb-mobile-header-display":"","site-post-title":"","ast-breadcrumbs-content":"","ast-featured-img":"","footer-sml-layout":"","ast-disable-related-posts":"","theme-transparent-header-meta":"default","adv-header-id-meta":"","stick-header-meta":"","header-above-stick-meta":"","header-main-stick-meta":"","header-below-stick-meta":"","astra-migrate-meta-layouts":"set","ast-page-background-enabled":"default","ast-page-background-meta":{"desktop":{"background-color":"","background-image":"","background-repeat":"repeat","background-position":"center center","background-size":"auto","background-attachment":"scroll","background-type":"","background-media":"","overlay-type":"","overlay-color":"","overlay-opacity":"","overlay-gradient":""},"tablet":{"background-color":"","background-image":"","background-repeat":"repeat","background-position":"center center","background-size":"auto","background-attachment":"scroll","background-type":"","background-media":"","overlay-type":"","overlay-color":"","overlay-opacity":"","overlay-gradient":""},"mobile":{"background-color":"","background-image":"","background-repeat":"repeat","background-position":"center center","background-size":"auto","background-attachment":"scroll","background-type":"","background-media":"","overlay-type":"","overlay-color":"","overlay-opacity":"","overlay-gradient":""}},"ast-content-background-meta":{"desktop":{"background-color":"var(--ast-global-color-5)","background-image":"","background-repeat":"repeat","background-position":"center center","background-size":"auto","background-attachment":"scroll","background-type":"","background-media":"","overlay-type":"","overlay-color":"","overlay-opacity":"","overlay-gradient":""},"tablet":{"background-color":"var(--ast-global-color-5)","background-image":"","background-repeat":"repeat","background-position":"center center","background-size":"auto","background-attachment":"scroll","background-type":"","background-media":"","overlay-type":"","overlay-color":"","overlay-opacity":"","overlay-gradient":""},"mobile":{"background-color":"var(--ast-global-color-5)","background-image":"","background-repeat":"repeat","background-position":"center center","background-size":"auto","background-attachment":"scroll","background-type":"","background-media":"","overlay-type":"","overlay-color":"","overlay-opacity":"","overlay-gradient":""}},"_wp_convertkit_post_meta":{"form":"-1","landing_page":"","tag":"0","restrict_content":"0"},"_joinchat":[]},"product_brand":[],"product_cat":[34],"product_tag":[],"class_list":{"0":"post-2261","1":"product","2":"type-product","3":"status-publish","4":"has-post-thumbnail","6":"product_cat-ebooks","7":"desktop-align-center","8":"tablet-align-left","9":"mobile-align-left","11":"first","12":"instock","13":"virtual","14":"purchasable","15":"product-type-simple"},"uagb_featured_image_src":{"full":["https:\/\/jeanetteornelas.com\/wp-content\/uploads\/2025\/06\/Kit-Ritual-Alquimico.png",800,800,false],"thumbnail":["https:\/\/jeanetteornelas.com\/wp-content\/uploads\/2025\/06\/Kit-Ritual-Alquimico-150x150.png",150,150,true],"medium":["https:\/\/jeanetteornelas.com\/wp-content\/uploads\/2025\/06\/Kit-Ritual-Alquimico-300x300.png",300,300,true],"medium_large":["https:\/\/jeanetteornelas.com\/wp-content\/uploads\/2025\/06\/Kit-Ritual-Alquimico-768x768.png",768,768,true],"large":["https:\/\/jeanetteornelas.com\/wp-content\/uploads\/2025\/06\/Kit-Ritual-Alquimico.png",800,800,false],"1536x1536":["https:\/\/jeanetteornelas.com\/wp-content\/uploads\/2025\/06\/Kit-Ritual-Alquimico.png",800,800,false],"2048x2048":["https:\/\/jeanetteornelas.com\/wp-content\/uploads\/2025\/06\/Kit-Ritual-Alquimico.png",800,800,false],"trp-custom-language-flag":["https:\/\/jeanetteornelas.com\/wp-content\/uploads\/2025\/06\/Kit-Ritual-Alquimico-12x12.png",12,12,true],"woocommerce_thumbnail":["https:\/\/jeanetteornelas.com\/wp-content\/uploads\/2025\/06\/Kit-Ritual-Alquimico-300x300.png",300,300,true],"woocommerce_single":["https:\/\/jeanetteornelas.com\/wp-content\/uploads\/2025\/06\/Kit-Ritual-Alquimico-600x600.png",600,600,true],"woocommerce_gallery_thumbnail":["https:\/\/jeanetteornelas.com\/wp-content\/uploads\/2025\/06\/Kit-Ritual-Alquimico-100x100.png",100,100,true]},"uagb_author_info":{"display_name":"katmaia","author_link":"https:\/\/jeanetteornelas.com\/es\/author\/"},"uagb_comment_info":0,"uagb_excerpt":"Um programa sensorial, simb\u00f3lico e terap\u00eautico para atravessar a menopausa com consci\u00eancia, prazer e verdade. A menopausa \u00e9 mais do que uma fase biol\u00f3gica. \u00c9 uma travessia. Um portal de morte simb\u00f3lica e renascimento interior. Este programa foi criado para te acompanhar nesse in\u00edcio \u2014 com pr\u00e1ticas simples, profundas e sagradas \u2014 que te ajudam&hellip;","_links":{"self":[{"href":"https:\/\/jeanetteornelas.com\/es\/wp-json\/wp\/v2\/product\/2261","targetHints":{"allow":["GET"]}}],"collection":[{"href":"https:\/\/jeanetteornelas.com\/es\/wp-json\/wp\/v2\/product"}],"about":[{"href":"https:\/\/jeanetteornelas.com\/es\/wp-json\/wp\/v2\/types\/product"}],"version-history":[{"count":3,"href":"https:\/\/jeanetteornelas.com\/es\/wp-json\/wp\/v2\/product\/2261\/revisions"}],"predecessor-version":[{"id":2412,"href":"https:\/\/jeanetteornelas.com\/es\/wp-json\/wp\/v2\/product\/2261\/revisions\/2412"}],"wp:featuredmedia":[{"embeddable":true,"href":"https:\/\/jeanetteornelas.com\/es\/wp-json\/wp\/v2\/media\/2418"}],"wp:attachment":[{"href":"https:\/\/jeanetteornelas.com\/es\/wp-json\/wp\/v2\/media?parent=2261"}],"wp:term":[{"taxonomy":"product_brand","embeddable":true,"href":"https:\/\/jeanetteornelas.com\/es\/wp-json\/wp\/v2\/product_brand?post=2261"},{"taxonomy":"product_cat","embeddable":true,"href":"https:\/\/jeanetteornelas.com\/es\/wp-json\/wp\/v2\/product_cat?post=2261"},{"taxonomy":"product_tag","embeddable":true,"href":"https:\/\/jeanetteornelas.com\/es\/wp-json\/wp\/v2\/product_tag?post=2261"}],"curies":[{"name":"wp","href":"https:\/\/api.w.org\/{rel}","templated":true}]}}