{"id":2003,"date":"2025-04-29T08:24:38","date_gmt":"2025-04-29T08:24:38","guid":{"rendered":"https:\/\/jeanetteornelas.com\/?post_type=product&#038;p=2003"},"modified":"2026-04-16T03:13:24","modified_gmt":"2026-04-16T03:13:24","slug":"formacao-em-psicodrama-interno-transgeracional","status":"publish","type":"product","link":"https:\/\/jeanetteornelas.com\/es\/producto\/formacao-em-psicodrama-interno-transgeracional\/","title":{"rendered":"Formaci\u00f3n en Psicodrama Interno Transgeneracional"},"content":{"rendered":"<p><strong>Formaci\u00f3n en Psicodrama Interno Transgeneracional<\/strong><br \/>\ncom Alberto Boarini | Torres Vedras \u2013 2026<\/p>\n<p>Dois fins de semana intensivos para mergulhar nas ra\u00edzes da tua hist\u00f3ria, libertar bloqueios ancestrais e reconectar-te com a tua ess\u00eancia.<br \/>\nUma experi\u00eancia profunda de cura e transforma\u00e7\u00e3o atrav\u00e9s do Psicodrama Interno Transgeracional.<\/p>\n<p class=\"_28USrA AfeL7g XN6uKA _4N4NA\"><strong><span class=\"a_GcMg\">M\u00f3dulo 3 \u2013 Trauma, Corpo e Mem\u00f3ria <\/span><span class=\"a_GcMg\">Transgeracional<br \/>\n<\/span><\/strong><span class=\"a_GcMg\"><strong>Data<\/strong>: 9 e 10 de Maio de 2026 (<\/span><span class=\"a_GcMg\">s\u00e1bado e domingo)<br \/>\n<\/span><span class=\"a_GcMg\"><strong>Hor\u00e1rio<\/strong>:\u00a0 9h30 \u00e0s 19h00<\/p>\n<p><\/span><\/p>\n<p class=\"_28USrA AfeL7g XN6uKA _4N4NA\"><strong><span class=\"a_GcMg\">M\u00f3dulo 4 &#8211; <\/span><span class=\"a_GcMg\">Persona, Sombra e Integra\u00e7\u00e3o Ps\u00edquica<br \/>\n<\/span><\/strong><span class=\"a_GcMg\"><strong>Data<\/strong>: 6 e 7 de Junho de 2026 (s\u00e1bado e domingo)<br \/>\n<\/span><span class=\"a_GcMg\"><strong>Hor\u00e1rio<\/strong>: 9h30 \u00e0s 19h00<\/span><\/p>\n<p>&nbsp;<\/p>\n<div id=\"LB9jpkQ4d5JJ1qC9\" class=\"DF_utQ _0xkaeQ\">\n<div class=\"aF9o6Q _0yZ6Qg\">\n<div>\n<div class=\"E8yZTA\">\n<div>\n<div class=\"_2UyCZQ vkN2Cw Mb8E_A e1_zQg\" lang=\"pt-PT\">\n<p class=\"_28USrA AfeL7g XN6uKA\"><span class=\"a_GcMg\"><strong>Sobre as refei\u00e7\u00f5es:\u00a0<\/strong><br \/>\n<strong>Catering vegetariano opcional:<\/strong><br \/>\n12\u20ac\/pessoa\/dia <\/span><span class=\"a_GcMg\">(n\u00e3o inclu\u00eddo na Forma\u00e7\u00e3o)<\/span><\/p>\n<p class=\"_28USrA AfeL7g XN6uKA\"><strong><span class=\"a_GcMg\">Alternativa:<\/span> <\/strong><span class=\"a_GcMg\">Arena Shopping, <\/span><span class=\"a_GcMg\">a 2<\/span> <span class=\"a_GcMg\">minutos de carro<\/span><\/p>\n<\/div>\n<\/div>\n<\/div>\n<\/div>\n<\/div>\n<\/div>\n<p class=\"cgHgbA pYZEjA Xp24Nw\"><em><span class=\"OYPEnA\">*Lanches e \u00e1guas inclu\u00eddos na forma\u00e7\u00e3o, oferecidos pela organiza\u00e7\u00e3o.<\/span><\/em><\/p>\n<p>&nbsp;<\/p>\n<p>Vagas limitadas | 15 participantes<\/p>\n<p>____________<\/p>\n<p><strong>\u00bfC\u00f3mo funciona?<\/strong><br \/>\nAp\u00f3s a compra ir\u00e1s receber um e-mail com a confirma\u00e7\u00e3o da compra e o formul\u00e1rio de reserva de catering. Caso n\u00e3o encontres o e-mail na tua caixa de entrada, por favor, <strong>compruebe el spam y las promociones<\/strong>. Alguma d\u00favida envia e-mail para <a href=\"mailto:jeanette@jeanetteornelas.com\">jeanette@jeanetteornelas.com<\/a>\u00a0o ponte en contacto por WhatsApp.<\/p>","protected":false},"excerpt":{"rendered":"<p>Forma\u00e7\u00e3o em Psicodrama Interno Transgeracional com Alberto Boarini | Torres Vedras \u2013 2026 Dois fins de semana intensivos para mergulhar nas ra\u00edzes da tua hist\u00f3ria, libertar bloqueios ancestrais e reconectar-te com a tua ess\u00eancia. Uma experi\u00eancia profunda de cura e transforma\u00e7\u00e3o atrav\u00e9s do Psicodrama Interno Transgeracional. M\u00f3dulo 3 \u2013 Trauma, Corpo e Mem\u00f3ria Transgeracional Data: [&hellip;]<\/p>\n","protected":false},"featured_media":2801,"template":"","meta":{"_uag_custom_page_level_css":"","site-sidebar-layout":"default","site-content-layout":"","ast-site-content-layout":"default","site-content-style":"default","site-sidebar-style":"default","ast-global-header-display":"","ast-banner-title-visibility":"","ast-main-header-display":"","ast-hfb-above-header-display":"","ast-hfb-below-header-display":"","ast-hfb-mobile-header-display":"","site-post-title":"","ast-breadcrumbs-content":"","ast-featured-img":"","footer-sml-layout":"","ast-disable-related-posts":"","theme-transparent-header-meta":"default","adv-header-id-meta":"","stick-header-meta":"","header-above-stick-meta":"","header-main-stick-meta":"","header-below-stick-meta":"","astra-migrate-meta-layouts":"set","ast-page-background-enabled":"default","ast-page-background-meta":{"desktop":{"background-color":"","background-image":"","background-repeat":"repeat","background-position":"center center","background-size":"auto","background-attachment":"scroll","background-type":"","background-media":"","overlay-type":"","overlay-color":"","overlay-opacity":"","overlay-gradient":""},"tablet":{"background-color":"","background-image":"","background-repeat":"repeat","background-position":"center center","background-size":"auto","background-attachment":"scroll","background-type":"","background-media":"","overlay-type":"","overlay-color":"","overlay-opacity":"","overlay-gradient":""},"mobile":{"background-color":"","background-image":"","background-repeat":"repeat","background-position":"center center","background-size":"auto","background-attachment":"scroll","background-type":"","background-media":"","overlay-type":"","overlay-color":"","overlay-opacity":"","overlay-gradient":""}},"ast-content-background-meta":{"desktop":{"background-color":"var(--ast-global-color-5)","background-image":"","background-repeat":"repeat","background-position":"center center","background-size":"auto","background-attachment":"scroll","background-type":"","background-media":"","overlay-type":"","overlay-color":"","overlay-opacity":"","overlay-gradient":""},"tablet":{"background-color":"var(--ast-global-color-5)","background-image":"","background-repeat":"repeat","background-position":"center center","background-size":"auto","background-attachment":"scroll","background-type":"","background-media":"","overlay-type":"","overlay-color":"","overlay-opacity":"","overlay-gradient":""},"mobile":{"background-color":"var(--ast-global-color-5)","background-image":"","background-repeat":"repeat","background-position":"center center","background-size":"auto","background-attachment":"scroll","background-type":"","background-media":"","overlay-type":"","overlay-color":"","overlay-opacity":"","overlay-gradient":""}},"_joinchat":[]},"product_brand":[],"product_cat":[37],"product_tag":[],"class_list":{"0":"post-2003","1":"product","2":"type-product","3":"status-publish","4":"has-post-thumbnail","6":"product_cat-formacao","7":"desktop-align-center","8":"tablet-align-left","9":"mobile-align-left","11":"first","12":"instock","13":"shipping-taxable","14":"purchasable","15":"product-type-variable"},"uagb_featured_image_src":{"full":["https:\/\/jeanetteornelas.com\/wp-content\/uploads\/2025\/04\/Formacao-psicodrama-interno-transgeracional.jpg",800,800,false],"thumbnail":["https:\/\/jeanetteornelas.com\/wp-content\/uploads\/2025\/04\/Formacao-psicodrama-interno-transgeracional-150x150.jpg",150,150,true],"medium":["https:\/\/jeanetteornelas.com\/wp-content\/uploads\/2025\/04\/Formacao-psicodrama-interno-transgeracional-300x300.jpg",300,300,true],"medium_large":["https:\/\/jeanetteornelas.com\/wp-content\/uploads\/2025\/04\/Formacao-psicodrama-interno-transgeracional-768x768.jpg",768,768,true],"large":["https:\/\/jeanetteornelas.com\/wp-content\/uploads\/2025\/04\/Formacao-psicodrama-interno-transgeracional.jpg",800,800,false],"1536x1536":["https:\/\/jeanetteornelas.com\/wp-content\/uploads\/2025\/04\/Formacao-psicodrama-interno-transgeracional.jpg",800,800,false],"2048x2048":["https:\/\/jeanetteornelas.com\/wp-content\/uploads\/2025\/04\/Formacao-psicodrama-interno-transgeracional.jpg",800,800,false],"trp-custom-language-flag":["https:\/\/jeanetteornelas.com\/wp-content\/uploads\/2025\/04\/Formacao-psicodrama-interno-transgeracional-12x12.jpg",12,12,true],"woocommerce_thumbnail":["https:\/\/jeanetteornelas.com\/wp-content\/uploads\/2025\/04\/Formacao-psicodrama-interno-transgeracional-300x300.jpg",300,300,true],"woocommerce_single":["https:\/\/jeanetteornelas.com\/wp-content\/uploads\/2025\/04\/Formacao-psicodrama-interno-transgeracional-600x600.jpg",600,600,true],"woocommerce_gallery_thumbnail":["https:\/\/jeanetteornelas.com\/wp-content\/uploads\/2025\/04\/Formacao-psicodrama-interno-transgeracional-100x100.jpg",100,100,true]},"uagb_author_info":{"display_name":"Jeanette Ornelas","author_link":"https:\/\/jeanetteornelas.com\/es\/author\/"},"uagb_comment_info":0,"uagb_excerpt":"Forma\u00e7\u00e3o em Psicodrama Interno Transgeracional com Alberto Boarini | Torres Vedras \u2013 2026 Dois fins de semana intensivos para mergulhar nas ra\u00edzes da tua hist\u00f3ria, libertar bloqueios ancestrais e reconectar-te com a tua ess\u00eancia. Uma experi\u00eancia profunda de cura e transforma\u00e7\u00e3o atrav\u00e9s do Psicodrama Interno Transgeracional. M\u00f3dulo 3 \u2013 Trauma, Corpo e Mem\u00f3ria Transgeracional Data:&hellip;","_links":{"self":[{"href":"https:\/\/jeanetteornelas.com\/es\/wp-json\/wp\/v2\/product\/2003","targetHints":{"allow":["GET"]}}],"collection":[{"href":"https:\/\/jeanetteornelas.com\/es\/wp-json\/wp\/v2\/product"}],"about":[{"href":"https:\/\/jeanetteornelas.com\/es\/wp-json\/wp\/v2\/types\/product"}],"version-history":[{"count":11,"href":"https:\/\/jeanetteornelas.com\/es\/wp-json\/wp\/v2\/product\/2003\/revisions"}],"predecessor-version":[{"id":2802,"href":"https:\/\/jeanetteornelas.com\/es\/wp-json\/wp\/v2\/product\/2003\/revisions\/2802"}],"wp:featuredmedia":[{"embeddable":true,"href":"https:\/\/jeanetteornelas.com\/es\/wp-json\/wp\/v2\/media\/2801"}],"wp:attachment":[{"href":"https:\/\/jeanetteornelas.com\/es\/wp-json\/wp\/v2\/media?parent=2003"}],"wp:term":[{"taxonomy":"product_brand","embeddable":true,"href":"https:\/\/jeanetteornelas.com\/es\/wp-json\/wp\/v2\/product_brand?post=2003"},{"taxonomy":"product_cat","embeddable":true,"href":"https:\/\/jeanetteornelas.com\/es\/wp-json\/wp\/v2\/product_cat?post=2003"},{"taxonomy":"product_tag","embeddable":true,"href":"https:\/\/jeanetteornelas.com\/es\/wp-json\/wp\/v2\/product_tag?post=2003"}],"curies":[{"name":"wp","href":"https:\/\/api.w.org\/{rel}","templated":true}]}}