{"id":2000,"date":"2025-04-28T09:11:42","date_gmt":"2025-04-28T09:11:42","guid":{"rendered":"https:\/\/jeanetteornelas.com\/?post_type=product&#038;p=2000"},"modified":"2026-01-08T18:00:17","modified_gmt":"2026-01-08T18:00:17","slug":"reflexologia-podal-integrativa","status":"publish","type":"product","link":"https:\/\/jeanetteornelas.com\/es\/producto\/reflexologia-podal-integrativa\/","title":{"rendered":"Reflexolog\u00eda podal integrativa"},"content":{"rendered":"<p><strong>Reflexolog\u00eda podal integrativa<\/strong><br \/>\nRenova o teu corpo, mente e energia atrav\u00e9s dos p\u00e9s.<\/p>\n<p>Combinando a arte da Reflexologia Podal, a revitaliza\u00e7\u00e3o da Hidrozonoterapia e a precis\u00e3o energ\u00e9tica do NSC Podal, esta abordagem promove o equil\u00edbrio profundo, alivia dores, melhora a circula\u00e7\u00e3o e desperta o teu poder natural de auto-cura.<\/p>\n<p>Permite-te sentir a leveza, a regenera\u00e7\u00e3o e o bem-estar que mereces.<\/p>\n<p><strong style=\"font-size: 16px;\">Valor por sess\u00e3o: 45,80\u20ac<\/strong><span style=\"font-size: 16px;\">\u00a0<\/span><\/p>\n<p><strong>Formato<\/strong>: En persona<\/p>\n<p><strong>Duraci\u00f3n<\/strong>: 1:30 h aprox.<\/p>\n<p>____________<\/p>\n<p><strong>\u00bfC\u00f3mo funciona?<\/strong><br \/>\nDespu\u00e9s de comprar la sesi\u00f3n, recibir\u00e1 un correo electr\u00f3nico con el enlace para reservar su sesi\u00f3n. Si no encuentra el correo electr\u00f3nico en su bandeja de entrada, h\u00e1galo,\u00a0<strong>compruebe el spam y las promociones<\/strong>. Si tiene alguna pregunta o si su agenda es incompatible, env\u00ede un correo electr\u00f3nico a\u00a0<a href=\"mailto:jeanette@jeanetteornelas.com\">jeanette@jeanetteornelas.com<\/a>\u00a0o ponte en contacto por WhatsApp.<\/p>","protected":false},"excerpt":{"rendered":"<p>Reflexologia Podal Integrativa Renova o teu corpo, mente e energia atrav\u00e9s dos p\u00e9s. Combinando a arte da Reflexologia Podal, a revitaliza\u00e7\u00e3o da Hidrozonoterapia e a precis\u00e3o energ\u00e9tica do NSC Podal, esta abordagem promove o equil\u00edbrio profundo, alivia dores, melhora a circula\u00e7\u00e3o e desperta o teu poder natural de auto-cura. Permite-te sentir a leveza, a regenera\u00e7\u00e3o [&hellip;]<\/p>\n","protected":false},"featured_media":2001,"template":"","meta":{"_uag_custom_page_level_css":"","site-sidebar-layout":"default","site-content-layout":"","ast-site-content-layout":"default","site-content-style":"default","site-sidebar-style":"default","ast-global-header-display":"","ast-banner-title-visibility":"","ast-main-header-display":"","ast-hfb-above-header-display":"","ast-hfb-below-header-display":"","ast-hfb-mobile-header-display":"","site-post-title":"","ast-breadcrumbs-content":"","ast-featured-img":"","footer-sml-layout":"","ast-disable-related-posts":"","theme-transparent-header-meta":"default","adv-header-id-meta":"","stick-header-meta":"","header-above-stick-meta":"","header-main-stick-meta":"","header-below-stick-meta":"","astra-migrate-meta-layouts":"set","ast-page-background-enabled":"default","ast-page-background-meta":{"desktop":{"background-color":"","background-image":"","background-repeat":"repeat","background-position":"center center","background-size":"auto","background-attachment":"scroll","background-type":"","background-media":"","overlay-type":"","overlay-color":"","overlay-opacity":"","overlay-gradient":""},"tablet":{"background-color":"","background-image":"","background-repeat":"repeat","background-position":"center center","background-size":"auto","background-attachment":"scroll","background-type":"","background-media":"","overlay-type":"","overlay-color":"","overlay-opacity":"","overlay-gradient":""},"mobile":{"background-color":"","background-image":"","background-repeat":"repeat","background-position":"center center","background-size":"auto","background-attachment":"scroll","background-type":"","background-media":"","overlay-type":"","overlay-color":"","overlay-opacity":"","overlay-gradient":""}},"ast-content-background-meta":{"desktop":{"background-color":"var(--ast-global-color-5)","background-image":"","background-repeat":"repeat","background-position":"center center","background-size":"auto","background-attachment":"scroll","background-type":"","background-media":"","overlay-type":"","overlay-color":"","overlay-opacity":"","overlay-gradient":""},"tablet":{"background-color":"var(--ast-global-color-5)","background-image":"","background-repeat":"repeat","background-position":"center center","background-size":"auto","background-attachment":"scroll","background-type":"","background-media":"","overlay-type":"","overlay-color":"","overlay-opacity":"","overlay-gradient":""},"mobile":{"background-color":"var(--ast-global-color-5)","background-image":"","background-repeat":"repeat","background-position":"center center","background-size":"auto","background-attachment":"scroll","background-type":"","background-media":"","overlay-type":"","overlay-color":"","overlay-opacity":"","overlay-gradient":""}},"_joinchat":[]},"product_brand":[],"product_cat":[35],"product_tag":[],"class_list":{"0":"post-2000","1":"product","2":"type-product","3":"status-publish","4":"has-post-thumbnail","6":"product_cat-consultas","7":"desktop-align-center","8":"tablet-align-left","9":"mobile-align-left","11":"first","12":"instock","13":"virtual","14":"purchasable","15":"product-type-simple"},"uagb_featured_image_src":{"full":["https:\/\/jeanetteornelas.com\/wp-content\/uploads\/2025\/04\/Consulta-de-Reflexologia-Podal-Integrativa.jpg",800,800,false],"thumbnail":["https:\/\/jeanetteornelas.com\/wp-content\/uploads\/2025\/04\/Consulta-de-Reflexologia-Podal-Integrativa-150x150.jpg",150,150,true],"medium":["https:\/\/jeanetteornelas.com\/wp-content\/uploads\/2025\/04\/Consulta-de-Reflexologia-Podal-Integrativa-300x300.jpg",300,300,true],"medium_large":["https:\/\/jeanetteornelas.com\/wp-content\/uploads\/2025\/04\/Consulta-de-Reflexologia-Podal-Integrativa-768x768.jpg",768,768,true],"large":["https:\/\/jeanetteornelas.com\/wp-content\/uploads\/2025\/04\/Consulta-de-Reflexologia-Podal-Integrativa.jpg",800,800,false],"1536x1536":["https:\/\/jeanetteornelas.com\/wp-content\/uploads\/2025\/04\/Consulta-de-Reflexologia-Podal-Integrativa.jpg",800,800,false],"2048x2048":["https:\/\/jeanetteornelas.com\/wp-content\/uploads\/2025\/04\/Consulta-de-Reflexologia-Podal-Integrativa.jpg",800,800,false],"trp-custom-language-flag":["https:\/\/jeanetteornelas.com\/wp-content\/uploads\/2025\/04\/Consulta-de-Reflexologia-Podal-Integrativa-12x12.jpg",12,12,true],"woocommerce_thumbnail":["https:\/\/jeanetteornelas.com\/wp-content\/uploads\/2025\/04\/Consulta-de-Reflexologia-Podal-Integrativa-300x300.jpg",300,300,true],"woocommerce_single":["https:\/\/jeanetteornelas.com\/wp-content\/uploads\/2025\/04\/Consulta-de-Reflexologia-Podal-Integrativa-600x600.jpg",600,600,true],"woocommerce_gallery_thumbnail":["https:\/\/jeanetteornelas.com\/wp-content\/uploads\/2025\/04\/Consulta-de-Reflexologia-Podal-Integrativa-100x100.jpg",100,100,true]},"uagb_author_info":{"display_name":"Jeanette Ornelas","author_link":"https:\/\/jeanetteornelas.com\/es\/author\/"},"uagb_comment_info":0,"uagb_excerpt":"Reflexologia Podal Integrativa Renova o teu corpo, mente e energia atrav\u00e9s dos p\u00e9s. Combinando a arte da Reflexologia Podal, a revitaliza\u00e7\u00e3o da Hidrozonoterapia e a precis\u00e3o energ\u00e9tica do NSC Podal, esta abordagem promove o equil\u00edbrio profundo, alivia dores, melhora a circula\u00e7\u00e3o e desperta o teu poder natural de auto-cura. Permite-te sentir a leveza, a regenera\u00e7\u00e3o&hellip;","_links":{"self":[{"href":"https:\/\/jeanetteornelas.com\/es\/wp-json\/wp\/v2\/product\/2000","targetHints":{"allow":["GET"]}}],"collection":[{"href":"https:\/\/jeanetteornelas.com\/es\/wp-json\/wp\/v2\/product"}],"about":[{"href":"https:\/\/jeanetteornelas.com\/es\/wp-json\/wp\/v2\/types\/product"}],"version-history":[{"count":3,"href":"https:\/\/jeanetteornelas.com\/es\/wp-json\/wp\/v2\/product\/2000\/revisions"}],"predecessor-version":[{"id":2742,"href":"https:\/\/jeanetteornelas.com\/es\/wp-json\/wp\/v2\/product\/2000\/revisions\/2742"}],"wp:featuredmedia":[{"embeddable":true,"href":"https:\/\/jeanetteornelas.com\/es\/wp-json\/wp\/v2\/media\/2001"}],"wp:attachment":[{"href":"https:\/\/jeanetteornelas.com\/es\/wp-json\/wp\/v2\/media?parent=2000"}],"wp:term":[{"taxonomy":"product_brand","embeddable":true,"href":"https:\/\/jeanetteornelas.com\/es\/wp-json\/wp\/v2\/product_brand?post=2000"},{"taxonomy":"product_cat","embeddable":true,"href":"https:\/\/jeanetteornelas.com\/es\/wp-json\/wp\/v2\/product_cat?post=2000"},{"taxonomy":"product_tag","embeddable":true,"href":"https:\/\/jeanetteornelas.com\/es\/wp-json\/wp\/v2\/product_tag?post=2000"}],"curies":[{"name":"wp","href":"https:\/\/api.w.org\/{rel}","templated":true}]}}