{"id":1790,"date":"2025-03-16T20:53:23","date_gmt":"2025-03-16T20:53:23","guid":{"rendered":"https:\/\/jeanetteornelas.com\/?post_type=product&#038;p=1790"},"modified":"2026-01-09T18:18:51","modified_gmt":"2026-01-09T18:18:51","slug":"consulta-de-emoneurobiosistemica-enbs-transformacao-profunda-e-integrativa","status":"publish","type":"product","link":"https:\/\/jeanetteornelas.com\/es\/producto\/consulta-de-emoneurobiosistemica-enbs-transformacao-profunda-e-integrativa\/","title":{"rendered":"Consulta Emoneurobiosist\u00e9mica (ENBS) - Transformaci\u00f3n Profunda e Integrativa"},"content":{"rendered":"<p><strong>Emoneurobiosist\u00e9mico (ENBS)<\/strong> es un m\u00e9todo exclusivo de <strong>desarrollo transpersonal y sist\u00e9mico<\/strong>desarrollado para quienes buscan un enfoque profundo de la transformaci\u00f3n y el equilibrio emocional.<\/p>\n<p>Combinando diferentes t\u00e9cnicas terap\u00e9uticas, la ENBS trabaja sobre patrones transgeneracionales, bloqueos emocionales y problemas psicosom\u00e1ticos, ayud\u00e1ndole a desprenderse de lo que le impide vivir plenamente.<\/p>\n<p><strong> \u00bfQu\u00e9 incluye el enfoque ENBS?<\/strong><br \/>\n<strong>\u2714 T\u00e9cnicas Transgeneracionales<\/strong> - Comprender y sanar los patrones heredados<br \/>\n<strong>\u2714 Hipnosis Transpersonal y Ericksoniana<\/strong> - Acceso al subconsciente para la transformaci\u00f3n interna<br \/>\n<strong>\u2714 Movimiento terap\u00e9utico<\/strong> - Expresi\u00f3n corporal para la liberaci\u00f3n emocional<br \/>\n<strong>\u2714 T\u00e9cnicas Sist\u00e9micas y Expresivas<\/strong> - Exploraci\u00f3n en profundidad de la din\u00e1mica familiar y emocional<br \/>\n<strong>\u2714 Psicosom\u00e1tica<\/strong> - Comprender la relaci\u00f3n entre las emociones y los s\u00edntomas f\u00edsicos<\/p>\n<p>&nbsp;<\/p>\n<p><strong> Duraci\u00f3n de las consultas: 1h30<\/strong><\/p>\n<p><strong> Tarifas de consulta:<\/strong><br \/>\n<strong> Primeira consulta:\u00a0 Online &#8211; 67\u20ac | Presencial &#8211; 72\u20ac<\/strong><br \/>\n<strong> Consultas de seguimento: Online &#8211; 55,80\u20ac | Presencial &#8211; 59\u20ac<\/strong><br \/>\n<strong> Sess\u00e3o de Destraumatiza\u00e7\u00e3o: Online &#8211; 67\u20ac | Presencial &#8211; 72\u20ac<br \/>\n<a href=\"https:\/\/enbsjeanetteornelas.net\/diagn-stico-funcional\/psicossomtica-e-enbs\" target=\"_blank\" rel=\"noopener\">Diagn\u00f3stico EIS <\/a><\/strong><strong>para avalia\u00e7\u00e3o psicossom\u00e1tica: Presencial &#8211; 67\u20ac<br \/>\n<\/strong><\/p>\n<p>Si buscas un camino terap\u00e9utico <strong>innovador, profundo e integrador<\/strong>ENBS puede ayudarle <strong>desbloquear emociones, resignificar traumas y alinear tu vida con m\u00e1s ligereza y claridad.<\/strong><\/p>\n<p><strong> \u00a1Reserva tu cita y da el primer paso hacia tu transformaci\u00f3n!<\/strong><\/p>\n<p>____________<\/p>\n<p><strong>\u00bfC\u00f3mo funciona?<\/strong><br \/>\nDespu\u00e9s de comprar la sesi\u00f3n, recibir\u00e1 un correo electr\u00f3nico con el enlace para reservar su sesi\u00f3n. Si no encuentra el correo electr\u00f3nico en su bandeja de entrada, h\u00e1galo,\u00a0<strong>compruebe el spam y las promociones<\/strong>. Si tiene alguna pregunta o si su agenda es incompatible, env\u00ede un correo electr\u00f3nico a\u00a0<a href=\"mailto:jeanette@jeanetteornelas.com\">jeanette@jeanetteornelas.com<\/a>\u00a0o ponte en contacto por WhatsApp.<\/p>","protected":false},"excerpt":{"rendered":"<p><!-- Widget de link do Calendly - in\u00edcio --><br \/>\n<script src=\"https:\/\/assets.calendly.com\/assets\/external\/widget.js\" type=\"text\/javascript\" async><\/script><br \/>\n<a><strong>Clique aqui para ver a agenda<\/strong><\/a><br \/>\n<!-- Widget de link do Calendly - fim --><\/p>","protected":false},"featured_media":1819,"template":"","meta":{"_uag_custom_page_level_css":"","site-sidebar-layout":"default","site-content-layout":"","ast-site-content-layout":"default","site-content-style":"default","site-sidebar-style":"default","ast-global-header-display":"","ast-banner-title-visibility":"","ast-main-header-display":"","ast-hfb-above-header-display":"","ast-hfb-below-header-display":"","ast-hfb-mobile-header-display":"","site-post-title":"","ast-breadcrumbs-content":"","ast-featured-img":"","footer-sml-layout":"","ast-disable-related-posts":"","theme-transparent-header-meta":"default","adv-header-id-meta":"","stick-header-meta":"","header-above-stick-meta":"","header-main-stick-meta":"","header-below-stick-meta":"","astra-migrate-meta-layouts":"set","ast-page-background-enabled":"default","ast-page-background-meta":{"desktop":{"background-color":"","background-image":"","background-repeat":"repeat","background-position":"center center","background-size":"auto","background-attachment":"scroll","background-type":"","background-media":"","overlay-type":"","overlay-color":"","overlay-opacity":"","overlay-gradient":""},"tablet":{"background-color":"","background-image":"","background-repeat":"repeat","background-position":"center center","background-size":"auto","background-attachment":"scroll","background-type":"","background-media":"","overlay-type":"","overlay-color":"","overlay-opacity":"","overlay-gradient":""},"mobile":{"background-color":"","background-image":"","background-repeat":"repeat","background-position":"center center","background-size":"auto","background-attachment":"scroll","background-type":"","background-media":"","overlay-type":"","overlay-color":"","overlay-opacity":"","overlay-gradient":""}},"ast-content-background-meta":{"desktop":{"background-color":"var(--ast-global-color-5)","background-image":"","background-repeat":"repeat","background-position":"center center","background-size":"auto","background-attachment":"scroll","background-type":"","background-media":"","overlay-type":"","overlay-color":"","overlay-opacity":"","overlay-gradient":""},"tablet":{"background-color":"var(--ast-global-color-5)","background-image":"","background-repeat":"repeat","background-position":"center center","background-size":"auto","background-attachment":"scroll","background-type":"","background-media":"","overlay-type":"","overlay-color":"","overlay-opacity":"","overlay-gradient":""},"mobile":{"background-color":"var(--ast-global-color-5)","background-image":"","background-repeat":"repeat","background-position":"center center","background-size":"auto","background-attachment":"scroll","background-type":"","background-media":"","overlay-type":"","overlay-color":"","overlay-opacity":"","overlay-gradient":""}},"_wp_convertkit_post_meta":{"form":"-1","landing_page":"","tag":"0","restrict_content":"0"},"_joinchat":[]},"product_brand":[],"product_cat":[35],"product_tag":[],"class_list":{"0":"post-1790","1":"product","2":"type-product","3":"status-publish","4":"has-post-thumbnail","6":"product_cat-consultas","7":"desktop-align-center","8":"tablet-align-left","9":"mobile-align-left","11":"first","12":"instock","13":"shipping-taxable","14":"purchasable","15":"product-type-variable"},"uagb_featured_image_src":{"full":["https:\/\/jeanetteornelas.com\/wp-content\/uploads\/2025\/03\/Consultas-de-Emoneurobiosistemica-ENBS-e1743031320258.jpg",387,387,false],"thumbnail":["https:\/\/jeanetteornelas.com\/wp-content\/uploads\/2025\/03\/Consultas-de-Emoneurobiosistemica-ENBS-150x150.jpg",150,150,true],"medium":["https:\/\/jeanetteornelas.com\/wp-content\/uploads\/2025\/03\/Consultas-de-Emoneurobiosistemica-ENBS-300x300.jpg",300,300,true],"medium_large":["https:\/\/jeanetteornelas.com\/wp-content\/uploads\/2025\/03\/Consultas-de-Emoneurobiosistemica-ENBS-768x768.jpg",768,768,true],"large":["https:\/\/jeanetteornelas.com\/wp-content\/uploads\/2025\/03\/Consultas-de-Emoneurobiosistemica-ENBS-e1743031320258.jpg",387,387,false],"1536x1536":["https:\/\/jeanetteornelas.com\/wp-content\/uploads\/2025\/03\/Consultas-de-Emoneurobiosistemica-ENBS-e1743031320258.jpg",387,387,false],"2048x2048":["https:\/\/jeanetteornelas.com\/wp-content\/uploads\/2025\/03\/Consultas-de-Emoneurobiosistemica-ENBS-e1743031320258.jpg",387,387,false],"trp-custom-language-flag":["https:\/\/jeanetteornelas.com\/wp-content\/uploads\/2025\/03\/Consultas-de-Emoneurobiosistemica-ENBS-12x12.jpg",12,12,true],"woocommerce_thumbnail":["https:\/\/jeanetteornelas.com\/wp-content\/uploads\/2025\/03\/Consultas-de-Emoneurobiosistemica-ENBS-300x300.jpg",300,300,true],"woocommerce_single":["https:\/\/jeanetteornelas.com\/wp-content\/uploads\/2025\/03\/Consultas-de-Emoneurobiosistemica-ENBS-600x600.jpg",600,600,true],"woocommerce_gallery_thumbnail":["https:\/\/jeanetteornelas.com\/wp-content\/uploads\/2025\/03\/Consultas-de-Emoneurobiosistemica-ENBS-100x100.jpg",100,100,true]},"uagb_author_info":{"display_name":"Jeanette Ornelas","author_link":"https:\/\/jeanetteornelas.com\/es\/author\/"},"uagb_comment_info":0,"uagb_excerpt":"Clique aqui para ver a agenda","_links":{"self":[{"href":"https:\/\/jeanetteornelas.com\/es\/wp-json\/wp\/v2\/product\/1790","targetHints":{"allow":["GET"]}}],"collection":[{"href":"https:\/\/jeanetteornelas.com\/es\/wp-json\/wp\/v2\/product"}],"about":[{"href":"https:\/\/jeanetteornelas.com\/es\/wp-json\/wp\/v2\/types\/product"}],"version-history":[{"count":15,"href":"https:\/\/jeanetteornelas.com\/es\/wp-json\/wp\/v2\/product\/1790\/revisions"}],"predecessor-version":[{"id":2756,"href":"https:\/\/jeanetteornelas.com\/es\/wp-json\/wp\/v2\/product\/1790\/revisions\/2756"}],"wp:featuredmedia":[{"embeddable":true,"href":"https:\/\/jeanetteornelas.com\/es\/wp-json\/wp\/v2\/media\/1819"}],"wp:attachment":[{"href":"https:\/\/jeanetteornelas.com\/es\/wp-json\/wp\/v2\/media?parent=1790"}],"wp:term":[{"taxonomy":"product_brand","embeddable":true,"href":"https:\/\/jeanetteornelas.com\/es\/wp-json\/wp\/v2\/product_brand?post=1790"},{"taxonomy":"product_cat","embeddable":true,"href":"https:\/\/jeanetteornelas.com\/es\/wp-json\/wp\/v2\/product_cat?post=1790"},{"taxonomy":"product_tag","embeddable":true,"href":"https:\/\/jeanetteornelas.com\/es\/wp-json\/wp\/v2\/product_tag?post=1790"}],"curies":[{"name":"wp","href":"https:\/\/api.w.org\/{rel}","templated":true}]}}