{"id":1783,"date":"2025-03-16T19:35:34","date_gmt":"2025-03-16T19:35:34","guid":{"rendered":"https:\/\/jeanetteornelas.com\/?post_type=product&#038;p=1783"},"modified":"2026-01-08T17:59:26","modified_gmt":"2026-01-08T17:59:26","slug":"sessoes-de-nsc-liberta-te-do-trauma-e-restaura-o-equilibrio","status":"publish","type":"product","link":"https:\/\/jeanetteornelas.com\/es\/producto\/sessoes-de-nsc-liberta-te-do-trauma-e-restaura-o-equilibrio\/","title":{"rendered":"Sesiones NSC - Liberarse del trauma y restablecer el equilibrio"},"content":{"rendered":"<p><strong>El NSC (Neuro Somatic Circuit)<\/strong> es una t\u00e9cnica corporal revolucionaria utilizada para trabajar <strong>la memoria del trauma<\/strong> y sus repercusiones en el cuerpo y la mente. Cuando las experiencias traum\u00e1ticas del pasado siguen generando <strong>disfunciones f\u00edsicas y emocionales<\/strong>el NSC act\u00faa de forma profunda para reequilibrar y restablecer el bienestar.<\/p>\n<p><strong>\u00bfQu\u00e9 es el NSC?<\/strong><br \/>\n\u2714 Un m\u00e9todo innovador que trabaja desde la etapa uterina hasta el presente, liberando experiencias traum\u00e1ticas<br \/>\n\u2714 Un sistema global que combina diferentes enfoques para <strong>acupuntura moderna y microsistemas<\/strong><br \/>\n\u2714 <strong>Trabaja sobre puntos y zonas espec\u00edficas del cuerpo para desbloquear patrones disfuncionales<\/strong><\/p>\n<p><strong>T\u00e9cnicas utilizadas:<\/strong><br \/>\n\u2714 <strong>Acupuntura<\/strong> - Estimulaci\u00f3n de puntos energ\u00e9ticos para restablecer el equilibrio (SIN AGUJAS)<br \/>\n\u2714 <strong>L\u00e1ser<\/strong> - Aplicaci\u00f3n de la luz terap\u00e9utica para el desbloqueo energ\u00e9tico<br \/>\n\u2714 <strong>Regulaci\u00f3n Secuencial del Color<\/strong> - Armonizaci\u00f3n mediante cromoterapia<br \/>\n\u2714 <strong>Masajes de presi\u00f3n o micromasaje<\/strong> - T\u00e9cnica manual de relajaci\u00f3n y liberaci\u00f3n de tensiones<\/p>\n<p><strong>Valor por sess\u00e3o: 64,80\u20ac<\/strong><\/p>\n<p><strong>Formato<\/strong>: En persona<\/p>\n<p><strong>Duraci\u00f3n<\/strong>: 1h aproximado<\/p>\n<p>Si busca un enfoque natural y eficaz para tratar <strong>traumatismos, dolor cr\u00f3nico, ansiedad o bloqueos emocionales<\/strong>NSC puede ser la soluci\u00f3n que necesita.<\/p>\n<p>\u00a1Reserva tu sesi\u00f3n y comienza tu viaje de sanaci\u00f3n!<\/p>\n<p>____________<\/p>\n<p><strong>\u00bfC\u00f3mo funciona?<\/strong><br \/>\nAp\u00f3s a compra da sess\u00e3o ir\u00e1s receber um e-mail com o instru\u00e7\u00f5es. Caso n\u00e3o encontres o e-mail na tua caixa de entrada, por favor,\u00a0<strong>compruebe el spam y las promociones<\/strong>. Si tiene alguna pregunta o si su agenda es incompatible, env\u00ede un correo electr\u00f3nico a\u00a0<a href=\"mailto:jeanette@jeanetteornelas.com\">jeanette@jeanetteornelas.com<\/a>\u00a0o ponte en contacto por WhatsApp.<\/p>","protected":false},"excerpt":{"rendered":"<p><!-- Widget de link do Calendly - in\u00edcio --><br \/>\n<script src=\"https:\/\/assets.calendly.com\/assets\/external\/widget.js\" type=\"text\/javascript\" async><\/script><br \/>\n<a>Agende um hor\u00e1rio comigo<\/a><br \/>\n<!-- Widget de link do Calendly - fim --><\/p>","protected":false},"featured_media":1825,"template":"","meta":{"_uag_custom_page_level_css":"","site-sidebar-layout":"default","site-content-layout":"","ast-site-content-layout":"default","site-content-style":"default","site-sidebar-style":"default","ast-global-header-display":"","ast-banner-title-visibility":"","ast-main-header-display":"","ast-hfb-above-header-display":"","ast-hfb-below-header-display":"","ast-hfb-mobile-header-display":"","site-post-title":"","ast-breadcrumbs-content":"","ast-featured-img":"","footer-sml-layout":"","ast-disable-related-posts":"","theme-transparent-header-meta":"default","adv-header-id-meta":"","stick-header-meta":"","header-above-stick-meta":"","header-main-stick-meta":"","header-below-stick-meta":"","astra-migrate-meta-layouts":"set","ast-page-background-enabled":"default","ast-page-background-meta":{"desktop":{"background-color":"","background-image":"","background-repeat":"repeat","background-position":"center center","background-size":"auto","background-attachment":"scroll","background-type":"","background-media":"","overlay-type":"","overlay-color":"","overlay-opacity":"","overlay-gradient":""},"tablet":{"background-color":"","background-image":"","background-repeat":"repeat","background-position":"center center","background-size":"auto","background-attachment":"scroll","background-type":"","background-media":"","overlay-type":"","overlay-color":"","overlay-opacity":"","overlay-gradient":""},"mobile":{"background-color":"","background-image":"","background-repeat":"repeat","background-position":"center center","background-size":"auto","background-attachment":"scroll","background-type":"","background-media":"","overlay-type":"","overlay-color":"","overlay-opacity":"","overlay-gradient":""}},"ast-content-background-meta":{"desktop":{"background-color":"var(--ast-global-color-5)","background-image":"","background-repeat":"repeat","background-position":"center center","background-size":"auto","background-attachment":"scroll","background-type":"","background-media":"","overlay-type":"","overlay-color":"","overlay-opacity":"","overlay-gradient":""},"tablet":{"background-color":"var(--ast-global-color-5)","background-image":"","background-repeat":"repeat","background-position":"center center","background-size":"auto","background-attachment":"scroll","background-type":"","background-media":"","overlay-type":"","overlay-color":"","overlay-opacity":"","overlay-gradient":""},"mobile":{"background-color":"var(--ast-global-color-5)","background-image":"","background-repeat":"repeat","background-position":"center center","background-size":"auto","background-attachment":"scroll","background-type":"","background-media":"","overlay-type":"","overlay-color":"","overlay-opacity":"","overlay-gradient":""}},"_joinchat":[]},"product_brand":[],"product_cat":[35],"product_tag":[],"class_list":{"0":"post-1783","1":"product","2":"type-product","3":"status-publish","4":"has-post-thumbnail","6":"product_cat-consultas","7":"desktop-align-center","8":"tablet-align-left","9":"mobile-align-left","11":"first","12":"instock","13":"virtual","14":"purchasable","15":"product-type-simple"},"uagb_featured_image_src":{"full":["https:\/\/jeanetteornelas.com\/wp-content\/uploads\/2025\/03\/Sessao-NSC-\u2013-Acupuntura-Moderna-Sem-Agulhas-e1743031225168.jpg",387,387,false],"thumbnail":["https:\/\/jeanetteornelas.com\/wp-content\/uploads\/2025\/03\/Sessao-NSC-\u2013-Acupuntura-Moderna-Sem-Agulhas-150x150.jpg",150,150,true],"medium":["https:\/\/jeanetteornelas.com\/wp-content\/uploads\/2025\/03\/Sessao-NSC-\u2013-Acupuntura-Moderna-Sem-Agulhas-300x300.jpg",300,300,true],"medium_large":["https:\/\/jeanetteornelas.com\/wp-content\/uploads\/2025\/03\/Sessao-NSC-\u2013-Acupuntura-Moderna-Sem-Agulhas-768x768.jpg",768,768,true],"large":["https:\/\/jeanetteornelas.com\/wp-content\/uploads\/2025\/03\/Sessao-NSC-\u2013-Acupuntura-Moderna-Sem-Agulhas-e1743031225168.jpg",387,387,false],"1536x1536":["https:\/\/jeanetteornelas.com\/wp-content\/uploads\/2025\/03\/Sessao-NSC-\u2013-Acupuntura-Moderna-Sem-Agulhas-e1743031225168.jpg",387,387,false],"2048x2048":["https:\/\/jeanetteornelas.com\/wp-content\/uploads\/2025\/03\/Sessao-NSC-\u2013-Acupuntura-Moderna-Sem-Agulhas-e1743031225168.jpg",387,387,false],"trp-custom-language-flag":["https:\/\/jeanetteornelas.com\/wp-content\/uploads\/2025\/03\/Sessao-NSC-\u2013-Acupuntura-Moderna-Sem-Agulhas-12x12.jpg",12,12,true],"woocommerce_thumbnail":["https:\/\/jeanetteornelas.com\/wp-content\/uploads\/2025\/03\/Sessao-NSC-\u2013-Acupuntura-Moderna-Sem-Agulhas-300x300.jpg",300,300,true],"woocommerce_single":["https:\/\/jeanetteornelas.com\/wp-content\/uploads\/2025\/03\/Sessao-NSC-\u2013-Acupuntura-Moderna-Sem-Agulhas-600x600.jpg",600,600,true],"woocommerce_gallery_thumbnail":["https:\/\/jeanetteornelas.com\/wp-content\/uploads\/2025\/03\/Sessao-NSC-\u2013-Acupuntura-Moderna-Sem-Agulhas-100x100.jpg",100,100,true]},"uagb_author_info":{"display_name":"Jeanette Ornelas","author_link":"https:\/\/jeanetteornelas.com\/es\/author\/"},"uagb_comment_info":0,"uagb_excerpt":"Agende um hor\u00e1rio comigo","_links":{"self":[{"href":"https:\/\/jeanetteornelas.com\/es\/wp-json\/wp\/v2\/product\/1783","targetHints":{"allow":["GET"]}}],"collection":[{"href":"https:\/\/jeanetteornelas.com\/es\/wp-json\/wp\/v2\/product"}],"about":[{"href":"https:\/\/jeanetteornelas.com\/es\/wp-json\/wp\/v2\/types\/product"}],"version-history":[{"count":5,"href":"https:\/\/jeanetteornelas.com\/es\/wp-json\/wp\/v2\/product\/1783\/revisions"}],"predecessor-version":[{"id":2741,"href":"https:\/\/jeanetteornelas.com\/es\/wp-json\/wp\/v2\/product\/1783\/revisions\/2741"}],"wp:featuredmedia":[{"embeddable":true,"href":"https:\/\/jeanetteornelas.com\/es\/wp-json\/wp\/v2\/media\/1825"}],"wp:attachment":[{"href":"https:\/\/jeanetteornelas.com\/es\/wp-json\/wp\/v2\/media?parent=1783"}],"wp:term":[{"taxonomy":"product_brand","embeddable":true,"href":"https:\/\/jeanetteornelas.com\/es\/wp-json\/wp\/v2\/product_brand?post=1783"},{"taxonomy":"product_cat","embeddable":true,"href":"https:\/\/jeanetteornelas.com\/es\/wp-json\/wp\/v2\/product_cat?post=1783"},{"taxonomy":"product_tag","embeddable":true,"href":"https:\/\/jeanetteornelas.com\/es\/wp-json\/wp\/v2\/product_tag?post=1783"}],"curies":[{"name":"wp","href":"https:\/\/api.w.org\/{rel}","templated":true}]}}