{"id":1775,"date":"2025-03-16T19:32:12","date_gmt":"2025-03-16T19:32:12","guid":{"rendered":"https:\/\/jeanetteornelas.com\/?post_type=product&#038;p=1775"},"modified":"2026-01-08T18:03:06","modified_gmt":"2026-01-08T18:03:06","slug":"liberta-te-do-tabaco-tratamento-de-cessacao-antitabagica","status":"publish","type":"product","link":"https:\/\/jeanetteornelas.com\/es\/producto\/liberta-te-do-tabaco-tratamento-de-cessacao-antitabagica\/","title":{"rendered":"Lib\u00e9rese del tabaco - Tratamiento para dejar de fumar"},"content":{"rendered":"<p>Si est\u00e1 preparado para dejar de fumar de forma eficaz y permanente, este tratamiento se ha desarrollado para ayudarle a superar su adicci\u00f3n con t\u00e9cnicas avanzadas que act\u00faan sobre el cuerpo y la mente.<\/p>\n<p><strong>\u00bfQu\u00e9 incluye?<\/strong><br \/>\n\u2714 <strong>NSC - Acupuntura moderna sin agujas<\/strong> - Regulaci\u00f3n energ\u00e9tica y alivio de la ansiedad<br \/>\n\u2714 <strong>Hipnosis<\/strong> - Reprogramar el subconsciente para eliminar el deseo de fumar<br \/>\n\u2714 <strong>PNL (Programaci\u00f3n Neuroling\u00fc\u00edstica)<\/strong> - Cambiar las pautas y reforzar la motivaci\u00f3n<br \/>\n\u2714<strong> EFT (T\u00e9cnica de Liberaci\u00f3n Emocional)<\/strong> - Reducir los desencadenantes emocionales y las compulsiones<\/p>\n<p><strong> \u00bfC\u00f3mo funciona?<\/strong><br \/>\n<strong>Pacote de 5 sess\u00f5es personalizadas<\/strong> para eliminar a depend\u00eancia f\u00edsica e emocional do tabaco.<br \/>\n\u2013 4 sess\u00f5es online<br \/>\n\u2013 1 sess\u00e3o presencial (obrigat\u00f3ria)<br \/>\n(Programa estruturado com acompanhamento terap\u00eautico e estrat\u00e9gias de mudan\u00e7a comportamental.)<\/p>\n<p><strong>Duraci\u00f3n de cada sesi\u00f3n: 1h30<\/strong><\/p>\n<p><strong>Valor del tratamiento:<\/strong> <strong>458 euros en total o 91,6 euros por sesi\u00f3n (pago en 5 plazos)<\/strong><\/p>\n<p>\u00a1Esta es una forma segura, eficaz y natural de deshacerse de los cigarrillos y mejorar su salud y calidad de vida!<\/p>\n<p><strong>Reserva tu sesi\u00f3n y da el primer paso hacia una vida sin tabaco.<\/strong><\/p>\n<p>____________<\/p>\n<p><strong>\u00bfC\u00f3mo funciona?<\/strong><br \/>\nAp\u00f3s a compra da sess\u00e3o ir\u00e1s receber um e-mail com instru\u00e7\u00f5es. Caso n\u00e3o encontres o e-mail na tua caixa de entrada, por favor,\u00a0<strong>compruebe el spam y las promociones<\/strong>. Si tiene alguna pregunta o si su agenda es incompatible, env\u00ede un correo electr\u00f3nico a\u00a0<a href=\"mailto:jeanette@jeanetteornelas.com\">jeanette@jeanetteornelas.com<\/a>\u00a0o ponte en contacto por WhatsApp.<\/p>","protected":false},"excerpt":{"rendered":"<p><!-- Widget de link do Calendly - in\u00edcio --><br \/>\n<script src=\"https:\/\/assets.calendly.com\/assets\/external\/widget.js\" type=\"text\/javascript\" async><\/script><br \/>\n<a><strong>Clique aqui para ver a agenda<\/strong><\/a><br \/>\n<!-- Widget de link do Calendly - fim --><\/p>","protected":false},"featured_media":1826,"template":"","meta":{"_uag_custom_page_level_css":"","site-sidebar-layout":"default","site-content-layout":"","ast-site-content-layout":"default","site-content-style":"default","site-sidebar-style":"default","ast-global-header-display":"","ast-banner-title-visibility":"","ast-main-header-display":"","ast-hfb-above-header-display":"","ast-hfb-below-header-display":"","ast-hfb-mobile-header-display":"","site-post-title":"","ast-breadcrumbs-content":"","ast-featured-img":"","footer-sml-layout":"","ast-disable-related-posts":"","theme-transparent-header-meta":"default","adv-header-id-meta":"","stick-header-meta":"","header-above-stick-meta":"","header-main-stick-meta":"","header-below-stick-meta":"","astra-migrate-meta-layouts":"set","ast-page-background-enabled":"default","ast-page-background-meta":{"desktop":{"background-color":"","background-image":"","background-repeat":"repeat","background-position":"center center","background-size":"auto","background-attachment":"scroll","background-type":"","background-media":"","overlay-type":"","overlay-color":"","overlay-opacity":"","overlay-gradient":""},"tablet":{"background-color":"","background-image":"","background-repeat":"repeat","background-position":"center center","background-size":"auto","background-attachment":"scroll","background-type":"","background-media":"","overlay-type":"","overlay-color":"","overlay-opacity":"","overlay-gradient":""},"mobile":{"background-color":"","background-image":"","background-repeat":"repeat","background-position":"center center","background-size":"auto","background-attachment":"scroll","background-type":"","background-media":"","overlay-type":"","overlay-color":"","overlay-opacity":"","overlay-gradient":""}},"ast-content-background-meta":{"desktop":{"background-color":"var(--ast-global-color-5)","background-image":"","background-repeat":"repeat","background-position":"center center","background-size":"auto","background-attachment":"scroll","background-type":"","background-media":"","overlay-type":"","overlay-color":"","overlay-opacity":"","overlay-gradient":""},"tablet":{"background-color":"var(--ast-global-color-5)","background-image":"","background-repeat":"repeat","background-position":"center center","background-size":"auto","background-attachment":"scroll","background-type":"","background-media":"","overlay-type":"","overlay-color":"","overlay-opacity":"","overlay-gradient":""},"mobile":{"background-color":"var(--ast-global-color-5)","background-image":"","background-repeat":"repeat","background-position":"center center","background-size":"auto","background-attachment":"scroll","background-type":"","background-media":"","overlay-type":"","overlay-color":"","overlay-opacity":"","overlay-gradient":""}},"_wp_convertkit_post_meta":{"form":"-1","landing_page":"","tag":"0","restrict_content":"0"},"_joinchat":[]},"product_brand":[],"product_cat":[36],"product_tag":[],"class_list":{"0":"post-1775","1":"product","2":"type-product","3":"status-publish","4":"has-post-thumbnail","6":"product_cat-programas","7":"desktop-align-center","8":"tablet-align-left","9":"mobile-align-left","11":"first","12":"instock","13":"shipping-taxable","14":"purchasable","15":"product-type-variable"},"uagb_featured_image_src":{"full":["https:\/\/jeanetteornelas.com\/wp-content\/uploads\/2025\/03\/Tratamento-Multidisciplinar-Antitabagico-e1743031208553.jpg",387,387,false],"thumbnail":["https:\/\/jeanetteornelas.com\/wp-content\/uploads\/2025\/03\/Tratamento-Multidisciplinar-Antitabagico-150x150.jpg",150,150,true],"medium":["https:\/\/jeanetteornelas.com\/wp-content\/uploads\/2025\/03\/Tratamento-Multidisciplinar-Antitabagico-300x300.jpg",300,300,true],"medium_large":["https:\/\/jeanetteornelas.com\/wp-content\/uploads\/2025\/03\/Tratamento-Multidisciplinar-Antitabagico-768x768.jpg",768,768,true],"large":["https:\/\/jeanetteornelas.com\/wp-content\/uploads\/2025\/03\/Tratamento-Multidisciplinar-Antitabagico-e1743031208553.jpg",387,387,false],"1536x1536":["https:\/\/jeanetteornelas.com\/wp-content\/uploads\/2025\/03\/Tratamento-Multidisciplinar-Antitabagico-e1743031208553.jpg",387,387,false],"2048x2048":["https:\/\/jeanetteornelas.com\/wp-content\/uploads\/2025\/03\/Tratamento-Multidisciplinar-Antitabagico-e1743031208553.jpg",387,387,false],"trp-custom-language-flag":["https:\/\/jeanetteornelas.com\/wp-content\/uploads\/2025\/03\/Tratamento-Multidisciplinar-Antitabagico-12x12.jpg",12,12,true],"woocommerce_thumbnail":["https:\/\/jeanetteornelas.com\/wp-content\/uploads\/2025\/03\/Tratamento-Multidisciplinar-Antitabagico-300x300.jpg",300,300,true],"woocommerce_single":["https:\/\/jeanetteornelas.com\/wp-content\/uploads\/2025\/03\/Tratamento-Multidisciplinar-Antitabagico-600x600.jpg",600,600,true],"woocommerce_gallery_thumbnail":["https:\/\/jeanetteornelas.com\/wp-content\/uploads\/2025\/03\/Tratamento-Multidisciplinar-Antitabagico-100x100.jpg",100,100,true]},"uagb_author_info":{"display_name":"Jeanette Ornelas","author_link":"https:\/\/jeanetteornelas.com\/es\/author\/"},"uagb_comment_info":0,"uagb_excerpt":"Clique aqui para ver a agenda","_links":{"self":[{"href":"https:\/\/jeanetteornelas.com\/es\/wp-json\/wp\/v2\/product\/1775","targetHints":{"allow":["GET"]}}],"collection":[{"href":"https:\/\/jeanetteornelas.com\/es\/wp-json\/wp\/v2\/product"}],"about":[{"href":"https:\/\/jeanetteornelas.com\/es\/wp-json\/wp\/v2\/types\/product"}],"version-history":[{"count":6,"href":"https:\/\/jeanetteornelas.com\/es\/wp-json\/wp\/v2\/product\/1775\/revisions"}],"predecessor-version":[{"id":2750,"href":"https:\/\/jeanetteornelas.com\/es\/wp-json\/wp\/v2\/product\/1775\/revisions\/2750"}],"wp:featuredmedia":[{"embeddable":true,"href":"https:\/\/jeanetteornelas.com\/es\/wp-json\/wp\/v2\/media\/1826"}],"wp:attachment":[{"href":"https:\/\/jeanetteornelas.com\/es\/wp-json\/wp\/v2\/media?parent=1775"}],"wp:term":[{"taxonomy":"product_brand","embeddable":true,"href":"https:\/\/jeanetteornelas.com\/es\/wp-json\/wp\/v2\/product_brand?post=1775"},{"taxonomy":"product_cat","embeddable":true,"href":"https:\/\/jeanetteornelas.com\/es\/wp-json\/wp\/v2\/product_cat?post=1775"},{"taxonomy":"product_tag","embeddable":true,"href":"https:\/\/jeanetteornelas.com\/es\/wp-json\/wp\/v2\/product_tag?post=1775"}],"curies":[{"name":"wp","href":"https:\/\/api.w.org\/{rel}","templated":true}]}}