{"id":1734,"date":"2025-03-16T18:37:10","date_gmt":"2025-03-16T18:37:10","guid":{"rendered":"https:\/\/jeanetteornelas.com\/?post_type=product&#038;p=1734"},"modified":"2025-11-03T11:33:58","modified_gmt":"2025-11-03T11:33:58","slug":"jornada-com-o-diario-lunar-autoconhecimento-e-autocuidado-na-menopausa","status":"publish","type":"product","link":"https:\/\/jeanetteornelas.com\/es\/producto\/jornada-com-o-diario-lunar-autoconhecimento-e-autocuidado-na-menopausa\/","title":{"rendered":"Viaje con el Diario Lunar - Autoconocimiento y autocuidado en la menopausia"},"content":{"rendered":"<p><strong>Viaje con el Diario Lunar<\/strong> es un <strong>protocolo de seguimiento individual<\/strong> creada para ofrecer apoyo personalizado y pr\u00e1ctico a las mujeres menop\u00e1usicas. A trav\u00e9s de un apoyo cercano e intuitivo, ayudamos a <strong>explorar el Diario Lunar<\/strong>reforzar la <strong>autoconocimiento<\/strong> y aplicar <strong>pr\u00e1cticas de autocuidado alineadas con su ciclo y sus emociones.<\/strong><\/p>\n<p><strong>\u00bfC\u00f3mo funciona?<\/strong><br \/>\n\u2714 Seguimiento individual para guiar su viaje con el Diario Lunar<br \/>\n\u2714<strong> Soporte directo de WhatsApp<\/strong> para reflexiones, orientaci\u00f3n y ajustes personalizados<br \/>\n<strong>\u2714 Pr\u00e1cticas sencillas y eficaces para desarrollar una mayor conexi\u00f3n contigo mismo<\/strong><br \/>\n<strong>\u2714 Herramientas para navegar por la menopausia con equilibrio y bienestar<\/strong><\/p>\n<p><strong>Si quieres un espacio seguro y acogedor para reconectar con tu esencia<\/strong>, este viaje es para ti.<\/p>\n<p><strong>Valor: <\/strong><span class=\"OYPEnA\"><strong>270\u20ac\u00a0<\/strong><br \/>\no <\/span><span class=\"OYPEnA\">90\u20ac al mes durante 3 meses<\/span><\/p>\n<p>____________<br \/>\n<strong>\u00bfC\u00f3mo funciona?<\/strong><br \/>\nAp\u00f3s a compra da sess\u00e3o ir\u00e1s receber um e-mail com instru\u00e7\u00f5es. Caso n\u00e3o encontres o e-mail na tua caixa de entrada, por favor,\u00a0<strong>compruebe el spam y las promociones<\/strong>. Si tiene alguna pregunta o si su agenda es incompatible, env\u00ede un correo electr\u00f3nico a\u00a0<a href=\"mailto:jeanette@jeanetteornelas.com\">jeanette@jeanetteornelas.com<\/a>\u00a0o ponte en contacto por WhatsApp.<\/p>\n<p>&nbsp;<\/p>","protected":false},"excerpt":{"rendered":"<p><!-- Widget de link do Calendly - in\u00edcio -->\n<link href=\"https:\/\/assets.calendly.com\/assets\/external\/widget.css\" rel=\"stylesheet\">\n<script src=\"https:\/\/assets.calendly.com\/assets\/external\/widget.js\" type=\"text\/javascript\" async><\/script><br \/>\n<a href=\"\" onclick=\"Calendly.initPopupWidget({url: 'https:\/\/calendly.com\/jeanette-ornelas?primary_color=c0611c'});return false;\"><strong>Clique aqui para ver a agenda<\/strong><\/a><br \/>\n<!-- Widget de link do Calendly - fim --><\/p>\n<p>___________________<br \/>\n<a href=\"https:\/\/jeanetteornelas.com\/es\/producto\/apoio-terapeutico-diario-lunar\/\" target=\"_blank\" rel=\"noopener\">Se tamb\u00e9m queres o Apoio Terap\u00eautico Di\u00e1rio Lunar, clica aqui!<\/a><\/p>","protected":false},"featured_media":1820,"template":"","meta":{"_uag_custom_page_level_css":"","site-sidebar-layout":"default","site-content-layout":"","ast-site-content-layout":"default","site-content-style":"default","site-sidebar-style":"default","ast-global-header-display":"","ast-banner-title-visibility":"","ast-main-header-display":"","ast-hfb-above-header-display":"","ast-hfb-below-header-display":"","ast-hfb-mobile-header-display":"","site-post-title":"","ast-breadcrumbs-content":"","ast-featured-img":"","footer-sml-layout":"","ast-disable-related-posts":"","theme-transparent-header-meta":"default","adv-header-id-meta":"","stick-header-meta":"","header-above-stick-meta":"","header-main-stick-meta":"","header-below-stick-meta":"","astra-migrate-meta-layouts":"set","ast-page-background-enabled":"default","ast-page-background-meta":{"desktop":{"background-color":"","background-image":"","background-repeat":"repeat","background-position":"center center","background-size":"auto","background-attachment":"scroll","background-type":"","background-media":"","overlay-type":"","overlay-color":"","overlay-opacity":"","overlay-gradient":""},"tablet":{"background-color":"","background-image":"","background-repeat":"repeat","background-position":"center center","background-size":"auto","background-attachment":"scroll","background-type":"","background-media":"","overlay-type":"","overlay-color":"","overlay-opacity":"","overlay-gradient":""},"mobile":{"background-color":"","background-image":"","background-repeat":"repeat","background-position":"center center","background-size":"auto","background-attachment":"scroll","background-type":"","background-media":"","overlay-type":"","overlay-color":"","overlay-opacity":"","overlay-gradient":""}},"ast-content-background-meta":{"desktop":{"background-color":"var(--ast-global-color-5)","background-image":"","background-repeat":"repeat","background-position":"center center","background-size":"auto","background-attachment":"scroll","background-type":"","background-media":"","overlay-type":"","overlay-color":"","overlay-opacity":"","overlay-gradient":""},"tablet":{"background-color":"var(--ast-global-color-5)","background-image":"","background-repeat":"repeat","background-position":"center center","background-size":"auto","background-attachment":"scroll","background-type":"","background-media":"","overlay-type":"","overlay-color":"","overlay-opacity":"","overlay-gradient":""},"mobile":{"background-color":"var(--ast-global-color-5)","background-image":"","background-repeat":"repeat","background-position":"center center","background-size":"auto","background-attachment":"scroll","background-type":"","background-media":"","overlay-type":"","overlay-color":"","overlay-opacity":"","overlay-gradient":""}},"_wp_convertkit_post_meta":{"form":"-1","landing_page":"","tag":"0","restrict_content":"0"},"_joinchat":[]},"product_brand":[],"product_cat":[36],"product_tag":[],"class_list":{"0":"post-1734","1":"product","2":"type-product","3":"status-publish","4":"has-post-thumbnail","6":"product_cat-programas","7":"desktop-align-center","8":"tablet-align-left","9":"mobile-align-left","11":"first","12":"instock","13":"shipping-taxable","14":"purchasable","15":"product-type-variable"},"uagb_featured_image_src":{"full":["https:\/\/jeanetteornelas.com\/wp-content\/uploads\/2025\/03\/Jornada-com-o-Diario-Lunar-e1743031307441.jpg",387,387,false],"thumbnail":["https:\/\/jeanetteornelas.com\/wp-content\/uploads\/2025\/03\/Jornada-com-o-Diario-Lunar-150x150.jpg",150,150,true],"medium":["https:\/\/jeanetteornelas.com\/wp-content\/uploads\/2025\/03\/Jornada-com-o-Diario-Lunar-300x300.jpg",300,300,true],"medium_large":["https:\/\/jeanetteornelas.com\/wp-content\/uploads\/2025\/03\/Jornada-com-o-Diario-Lunar-768x768.jpg",768,768,true],"large":["https:\/\/jeanetteornelas.com\/wp-content\/uploads\/2025\/03\/Jornada-com-o-Diario-Lunar-e1743031307441.jpg",387,387,false],"1536x1536":["https:\/\/jeanetteornelas.com\/wp-content\/uploads\/2025\/03\/Jornada-com-o-Diario-Lunar-e1743031307441.jpg",387,387,false],"2048x2048":["https:\/\/jeanetteornelas.com\/wp-content\/uploads\/2025\/03\/Jornada-com-o-Diario-Lunar-e1743031307441.jpg",387,387,false],"trp-custom-language-flag":["https:\/\/jeanetteornelas.com\/wp-content\/uploads\/2025\/03\/Jornada-com-o-Diario-Lunar-12x12.jpg",12,12,true],"woocommerce_thumbnail":["https:\/\/jeanetteornelas.com\/wp-content\/uploads\/2025\/03\/Jornada-com-o-Diario-Lunar-300x300.jpg",300,300,true],"woocommerce_single":["https:\/\/jeanetteornelas.com\/wp-content\/uploads\/2025\/03\/Jornada-com-o-Diario-Lunar-600x600.jpg",600,600,true],"woocommerce_gallery_thumbnail":["https:\/\/jeanetteornelas.com\/wp-content\/uploads\/2025\/03\/Jornada-com-o-Diario-Lunar-100x100.jpg",100,100,true]},"uagb_author_info":{"display_name":"Jeanette Ornelas","author_link":"https:\/\/jeanetteornelas.com\/es\/author\/"},"uagb_comment_info":0,"uagb_excerpt":"Clique aqui para ver a agenda ___________________ Se tamb\u00e9m queres o Apoio Terap\u00eautico Di\u00e1rio Lunar, clica aqui!","_links":{"self":[{"href":"https:\/\/jeanetteornelas.com\/es\/wp-json\/wp\/v2\/product\/1734","targetHints":{"allow":["GET"]}}],"collection":[{"href":"https:\/\/jeanetteornelas.com\/es\/wp-json\/wp\/v2\/product"}],"about":[{"href":"https:\/\/jeanetteornelas.com\/es\/wp-json\/wp\/v2\/types\/product"}],"version-history":[{"count":7,"href":"https:\/\/jeanetteornelas.com\/es\/wp-json\/wp\/v2\/product\/1734\/revisions"}],"predecessor-version":[{"id":2634,"href":"https:\/\/jeanetteornelas.com\/es\/wp-json\/wp\/v2\/product\/1734\/revisions\/2634"}],"wp:featuredmedia":[{"embeddable":true,"href":"https:\/\/jeanetteornelas.com\/es\/wp-json\/wp\/v2\/media\/1820"}],"wp:attachment":[{"href":"https:\/\/jeanetteornelas.com\/es\/wp-json\/wp\/v2\/media?parent=1734"}],"wp:term":[{"taxonomy":"product_brand","embeddable":true,"href":"https:\/\/jeanetteornelas.com\/es\/wp-json\/wp\/v2\/product_brand?post=1734"},{"taxonomy":"product_cat","embeddable":true,"href":"https:\/\/jeanetteornelas.com\/es\/wp-json\/wp\/v2\/product_cat?post=1734"},{"taxonomy":"product_tag","embeddable":true,"href":"https:\/\/jeanetteornelas.com\/es\/wp-json\/wp\/v2\/product_tag?post=1734"}],"curies":[{"name":"wp","href":"https:\/\/api.w.org\/{rel}","templated":true}]}}