{"id":1732,"date":"2025-03-16T18:27:52","date_gmt":"2025-03-16T18:27:52","guid":{"rendered":"https:\/\/jeanetteornelas.com\/?post_type=product&#038;p=1732"},"modified":"2025-12-30T00:10:43","modified_gmt":"2025-12-30T00:10:43","slug":"programa-sente-te-magra-transformacao-de-dentro-para-fora","status":"publish","type":"product","link":"https:\/\/jeanetteornelas.com\/es\/producto\/programa-sente-te-magra-transformacao-de-dentro-para-fora\/","title":{"rendered":"Programa SI\u00c9NTETE DELGADO - Transformaci\u00f3n desde el interior"},"content":{"rendered":"<p>Um caminho terap\u00eautico profundo para transformar a tua rela\u00e7\u00e3o com o corpo e a alimenta\u00e7\u00e3o.<\/p>\n<p>O <strong>Sentirse delgado<\/strong> \u00e9 um programa \u00fanico e integrativo que vai muito al\u00e9m das dietas tradicionais. Foi criado para quem deseja libertar-se da compuls\u00e3o alimentar, da ansiedade com o corpo e do peso emocional \u2014 reencontrando o prazer de habitar o seu corpo com leveza, seguran\u00e7a e consci\u00eancia.<\/p>\n<p><strong> \u00bfQu\u00e9 incluye el programa?<\/strong><br \/>\n\u2714 Consulta de Naturopatia e Nutri\u00e7\u00e3o Consciente<br \/>\n\u2714 Hipnose e Banda G\u00e1strica Hipn\u00f3tica (7 sess\u00f5es)<br \/>\n\u2714 Sess\u00f5es de Movimento Terap\u00eautico (4 sess\u00f5es)<br \/>\n\u2714 Sess\u00f5es de NSC \u2013 Neuropsicotransdu\u00e7\u00e3o Sist\u00e9mica (2 sess\u00f5es)<br \/>\n\u2714 Reflexologia Podal Integrativa (3 sess\u00f5es)<br \/>\n\u2714 Materiais terap\u00eauticos exclusivos entre sess\u00f5es: (exerc\u00edcios com escrita terap\u00eautica, escalda-p\u00e9s com ervas, florais e rituais simb\u00f3licos)<\/p>\n<p>Este programa \u00e9 especialmente indicado para qualquer pessoa que deseje emagrecer de forma consciente, restaurar a autoestima e sentir-se bem no pr\u00f3prio corpo, independentemente da fase de vida.<\/p>\n<p>Trabalhamos o corpo, a mente e as emo\u00e7\u00f5es como uma s\u00f3 unidade viva<\/p>\n<p><span class=\"OYPEnA\"><strong>Valor do investimento:<\/strong> <strong>999\u20ac<\/strong><br \/>\no <\/span><span class=\"OYPEnA\">em 17 presta\u00e7\u00f5es a pagar 58,80\u20ac por <\/span><span class=\"OYPEnA\">sess\u00e3o\u00a0<\/span><\/p>\n<p>Sess\u00f5es quinzenais, com acompanhamento cont\u00ednuo e amoroso entre encontros.<\/p>\n<p>____________<\/p>\n<p><strong>\u00bfC\u00f3mo funciona?<\/strong><br \/>\nAp\u00f3s a compra da sess\u00e3o ir\u00e1s receber um e-mail com instru\u00e7\u00f5es. Caso n\u00e3o encontres o e-mail na tua caixa de entrada, por favor,\u00a0<strong>compruebe el spam y las promociones<\/strong>. Si tiene alguna pregunta o si su agenda es incompatible, env\u00ede un correo electr\u00f3nico a\u00a0<a href=\"mailto:jeanette@jeanetteornelas.com\">jeanette@jeanetteornelas.com<\/a>\u00a0o ponte en contacto por WhatsApp.<\/p>","protected":false},"excerpt":{"rendered":"<p><!-- Widget de link do Calendly - in\u00edcio -->\n<link href=\"https:\/\/assets.calendly.com\/assets\/external\/widget.css\" rel=\"stylesheet\">\n<script src=\"https:\/\/assets.calendly.com\/assets\/external\/widget.js\" type=\"text\/javascript\" async><\/script><br \/>\n<a href=\"\" onclick=\"Calendly.initPopupWidget({url: 'https:\/\/calendly.com\/jeanette-ornelas'});return false;\">Clique aqui para ver a agenda<\/a><br \/>\n<!-- Widget de link do Calendly - fim --><\/p>","protected":false},"featured_media":1823,"template":"","meta":{"_uag_custom_page_level_css":"","site-sidebar-layout":"default","site-content-layout":"","ast-site-content-layout":"default","site-content-style":"default","site-sidebar-style":"default","ast-global-header-display":"","ast-banner-title-visibility":"","ast-main-header-display":"","ast-hfb-above-header-display":"","ast-hfb-below-header-display":"","ast-hfb-mobile-header-display":"","site-post-title":"","ast-breadcrumbs-content":"","ast-featured-img":"","footer-sml-layout":"","ast-disable-related-posts":"","theme-transparent-header-meta":"default","adv-header-id-meta":"","stick-header-meta":"","header-above-stick-meta":"","header-main-stick-meta":"","header-below-stick-meta":"","astra-migrate-meta-layouts":"set","ast-page-background-enabled":"default","ast-page-background-meta":{"desktop":{"background-color":"","background-image":"","background-repeat":"repeat","background-position":"center center","background-size":"auto","background-attachment":"scroll","background-type":"","background-media":"","overlay-type":"","overlay-color":"","overlay-opacity":"","overlay-gradient":""},"tablet":{"background-color":"","background-image":"","background-repeat":"repeat","background-position":"center center","background-size":"auto","background-attachment":"scroll","background-type":"","background-media":"","overlay-type":"","overlay-color":"","overlay-opacity":"","overlay-gradient":""},"mobile":{"background-color":"","background-image":"","background-repeat":"repeat","background-position":"center center","background-size":"auto","background-attachment":"scroll","background-type":"","background-media":"","overlay-type":"","overlay-color":"","overlay-opacity":"","overlay-gradient":""}},"ast-content-background-meta":{"desktop":{"background-color":"var(--ast-global-color-5)","background-image":"","background-repeat":"repeat","background-position":"center center","background-size":"auto","background-attachment":"scroll","background-type":"","background-media":"","overlay-type":"","overlay-color":"","overlay-opacity":"","overlay-gradient":""},"tablet":{"background-color":"var(--ast-global-color-5)","background-image":"","background-repeat":"repeat","background-position":"center center","background-size":"auto","background-attachment":"scroll","background-type":"","background-media":"","overlay-type":"","overlay-color":"","overlay-opacity":"","overlay-gradient":""},"mobile":{"background-color":"var(--ast-global-color-5)","background-image":"","background-repeat":"repeat","background-position":"center center","background-size":"auto","background-attachment":"scroll","background-type":"","background-media":"","overlay-type":"","overlay-color":"","overlay-opacity":"","overlay-gradient":""}},"_joinchat":[]},"product_brand":[],"product_cat":[36],"product_tag":[],"class_list":{"0":"post-1732","1":"product","2":"type-product","3":"status-publish","4":"has-post-thumbnail","6":"product_cat-programas","7":"desktop-align-center","8":"tablet-align-left","9":"mobile-align-left","11":"first","12":"instock","13":"shipping-taxable","14":"purchasable","15":"product-type-variable"},"uagb_featured_image_src":{"full":["https:\/\/jeanetteornelas.com\/wp-content\/uploads\/2025\/03\/Programa-SENTE-TE-MAGRA-e1743031260515.jpg",387,387,false],"thumbnail":["https:\/\/jeanetteornelas.com\/wp-content\/uploads\/2025\/03\/Programa-SENTE-TE-MAGRA-150x150.jpg",150,150,true],"medium":["https:\/\/jeanetteornelas.com\/wp-content\/uploads\/2025\/03\/Programa-SENTE-TE-MAGRA-300x300.jpg",300,300,true],"medium_large":["https:\/\/jeanetteornelas.com\/wp-content\/uploads\/2025\/03\/Programa-SENTE-TE-MAGRA-768x768.jpg",768,768,true],"large":["https:\/\/jeanetteornelas.com\/wp-content\/uploads\/2025\/03\/Programa-SENTE-TE-MAGRA-e1743031260515.jpg",387,387,false],"1536x1536":["https:\/\/jeanetteornelas.com\/wp-content\/uploads\/2025\/03\/Programa-SENTE-TE-MAGRA-e1743031260515.jpg",387,387,false],"2048x2048":["https:\/\/jeanetteornelas.com\/wp-content\/uploads\/2025\/03\/Programa-SENTE-TE-MAGRA-e1743031260515.jpg",387,387,false],"trp-custom-language-flag":["https:\/\/jeanetteornelas.com\/wp-content\/uploads\/2025\/03\/Programa-SENTE-TE-MAGRA-12x12.jpg",12,12,true],"woocommerce_thumbnail":["https:\/\/jeanetteornelas.com\/wp-content\/uploads\/2025\/03\/Programa-SENTE-TE-MAGRA-300x300.jpg",300,300,true],"woocommerce_single":["https:\/\/jeanetteornelas.com\/wp-content\/uploads\/2025\/03\/Programa-SENTE-TE-MAGRA-600x600.jpg",600,600,true],"woocommerce_gallery_thumbnail":["https:\/\/jeanetteornelas.com\/wp-content\/uploads\/2025\/03\/Programa-SENTE-TE-MAGRA-100x100.jpg",100,100,true]},"uagb_author_info":{"display_name":"Jeanette Ornelas","author_link":"https:\/\/jeanetteornelas.com\/es\/author\/"},"uagb_comment_info":0,"uagb_excerpt":"Clique aqui para ver a agenda","_links":{"self":[{"href":"https:\/\/jeanetteornelas.com\/es\/wp-json\/wp\/v2\/product\/1732","targetHints":{"allow":["GET"]}}],"collection":[{"href":"https:\/\/jeanetteornelas.com\/es\/wp-json\/wp\/v2\/product"}],"about":[{"href":"https:\/\/jeanetteornelas.com\/es\/wp-json\/wp\/v2\/types\/product"}],"version-history":[{"count":9,"href":"https:\/\/jeanetteornelas.com\/es\/wp-json\/wp\/v2\/product\/1732\/revisions"}],"predecessor-version":[{"id":2718,"href":"https:\/\/jeanetteornelas.com\/es\/wp-json\/wp\/v2\/product\/1732\/revisions\/2718"}],"wp:featuredmedia":[{"embeddable":true,"href":"https:\/\/jeanetteornelas.com\/es\/wp-json\/wp\/v2\/media\/1823"}],"wp:attachment":[{"href":"https:\/\/jeanetteornelas.com\/es\/wp-json\/wp\/v2\/media?parent=1732"}],"wp:term":[{"taxonomy":"product_brand","embeddable":true,"href":"https:\/\/jeanetteornelas.com\/es\/wp-json\/wp\/v2\/product_brand?post=1732"},{"taxonomy":"product_cat","embeddable":true,"href":"https:\/\/jeanetteornelas.com\/es\/wp-json\/wp\/v2\/product_cat?post=1732"},{"taxonomy":"product_tag","embeddable":true,"href":"https:\/\/jeanetteornelas.com\/es\/wp-json\/wp\/v2\/product_tag?post=1732"}],"curies":[{"name":"wp","href":"https:\/\/api.w.org\/{rel}","templated":true}]}}