{"id":1687,"date":"2025-01-13T13:20:20","date_gmt":"2025-01-13T13:20:20","guid":{"rendered":"https:\/\/jeanetteornelas.com\/?post_type=product&#038;p=1687"},"modified":"2026-01-08T17:48:54","modified_gmt":"2026-01-08T17:48:54","slug":"consulta","status":"publish","type":"product","link":"https:\/\/jeanetteornelas.com\/es\/producto\/consulta\/","title":{"rendered":"Consultas de Naturopat\u00eda - Un enfoque integrador y hol\u00edstico"},"content":{"rendered":"<p><strong>(inclui: diagn\u00f3stico EIS\/WMS, Perfil Avalia\u00e7\u00e3o funcional, anamnese, avalia\u00e7\u00e3o f\u00edsica, etc.)<\/strong><\/p>\n<p><strong>A Naturopatia \u00e9 uma abordagem de sa\u00fade natural e integrativa, que considera o ser humano como um todo \u2013 corpo, mente e emo\u00e7\u00f5es. O objetivo \u00e9 tratar a causa dos desequil\u00edbrios e n\u00e3o apenas os sintomas, promovendo cura e bem-estar duradouros.<\/strong><\/p>\n<p><strong> O que esperar de uma consulta de naturopatia?<\/strong><br \/>\n\u2714 Avalia\u00e7\u00e3o personalizada para entender as tuas necessidades individuais<br \/>\n\u2714 Reequil\u00edbrio do organismo atrav\u00e9s de terapias naturais e mudan\u00e7as no estilo de vida<br \/>\n\u2714 Integra\u00e7\u00e3o de diversas t\u00e9cnicas terap\u00eauticas para um tratamento hol\u00edstico e eficaz<\/p>\n<p>&nbsp;<\/p>\n<p><strong>Formato: Presencial<\/strong><\/p>\n<ul>\n<li>1\u00aa vez &#8211; 1:45h aproximado<\/li>\n<li>Acompanhamento &#8211; 1:30h aproximado<\/li>\n<li>Consulta Infantil (at\u00e9 12 anos) &#8211; 1h00<\/li>\n<\/ul>\n<p><strong>Tarifas de consulta:<\/strong><br \/>\n<strong> Primeira consulta: 81\u20ac<\/strong><br \/>\n<strong> Consultas de seguimento: 72\u20ac<\/strong><br \/>\n<strong> Consulta infantil: 63\u20ac<\/strong><\/p>\n<p>Se procuras um acompanhamento natural para <strong>recuperar o equil\u00edbrio, fortalecer a sa\u00fade e prevenir doen\u00e7as<\/strong>, a Naturopatia pode ser o caminho para ti!<br \/>\nMarca a tua consulta e inicia a tua jornada de bem-estar!<\/p>\n<p>&nbsp;<\/p>\n<p><strong>\u00bfC\u00f3mo funciona?<\/strong><br \/>\nDespu\u00e9s de comprar la sesi\u00f3n, recibir\u00e1 un correo electr\u00f3nico con el enlace para reservar su sesi\u00f3n. Si no encuentra el correo electr\u00f3nico en su bandeja de entrada, h\u00e1galo,\u00a0<strong>compruebe el spam y las promociones<\/strong>. Si tiene alguna pregunta o si su agenda es incompatible, env\u00ede un correo electr\u00f3nico a <a href=\"mailto:jeanette@jeanetteornelas.com\">jeanette@jeanetteornelas.com<\/a> o ponte en contacto por WhatsApp.<\/p>","protected":false},"excerpt":{"rendered":"<p><!-- Widget de link do Calendly - in\u00edcio --><br \/>\n<script src=\"https:\/\/assets.calendly.com\/assets\/external\/widget.js\" type=\"text\/javascript\" async><\/script><br \/>\n<a><strong>Clique aqui para ver a agenda<\/strong><\/a><br \/>\n<!-- Widget de link do Calendly - fim --><\/p>","protected":false},"featured_media":1818,"template":"","meta":{"_uag_custom_page_level_css":"","site-sidebar-layout":"default","site-content-layout":"","ast-site-content-layout":"default","site-content-style":"default","site-sidebar-style":"default","ast-global-header-display":"","ast-banner-title-visibility":"","ast-main-header-display":"","ast-hfb-above-header-display":"","ast-hfb-below-header-display":"","ast-hfb-mobile-header-display":"","site-post-title":"","ast-breadcrumbs-content":"","ast-featured-img":"","footer-sml-layout":"","ast-disable-related-posts":"","theme-transparent-header-meta":"default","adv-header-id-meta":"","stick-header-meta":"","header-above-stick-meta":"","header-main-stick-meta":"","header-below-stick-meta":"","astra-migrate-meta-layouts":"set","ast-page-background-enabled":"default","ast-page-background-meta":{"desktop":{"background-color":"","background-image":"","background-repeat":"repeat","background-position":"center center","background-size":"auto","background-attachment":"scroll","background-type":"","background-media":"","overlay-type":"","overlay-color":"","overlay-opacity":"","overlay-gradient":""},"tablet":{"background-color":"","background-image":"","background-repeat":"repeat","background-position":"center center","background-size":"auto","background-attachment":"scroll","background-type":"","background-media":"","overlay-type":"","overlay-color":"","overlay-opacity":"","overlay-gradient":""},"mobile":{"background-color":"","background-image":"","background-repeat":"repeat","background-position":"center center","background-size":"auto","background-attachment":"scroll","background-type":"","background-media":"","overlay-type":"","overlay-color":"","overlay-opacity":"","overlay-gradient":""}},"ast-content-background-meta":{"desktop":{"background-color":"var(--ast-global-color-5)","background-image":"","background-repeat":"repeat","background-position":"center center","background-size":"auto","background-attachment":"scroll","background-type":"","background-media":"","overlay-type":"","overlay-color":"","overlay-opacity":"","overlay-gradient":""},"tablet":{"background-color":"var(--ast-global-color-5)","background-image":"","background-repeat":"repeat","background-position":"center center","background-size":"auto","background-attachment":"scroll","background-type":"","background-media":"","overlay-type":"","overlay-color":"","overlay-opacity":"","overlay-gradient":""},"mobile":{"background-color":"var(--ast-global-color-5)","background-image":"","background-repeat":"repeat","background-position":"center center","background-size":"auto","background-attachment":"scroll","background-type":"","background-media":"","overlay-type":"","overlay-color":"","overlay-opacity":"","overlay-gradient":""}},"_wp_convertkit_post_meta":{"form":"-1","landing_page":"","tag":"0","restrict_content":"0"},"_joinchat":[]},"product_brand":[],"product_cat":[35],"product_tag":[49],"class_list":{"0":"post-1687","1":"product","2":"type-product","3":"status-publish","4":"has-post-thumbnail","6":"product_cat-consultas","7":"product_tag-naturopatia","8":"desktop-align-center","9":"tablet-align-left","10":"mobile-align-left","12":"first","13":"instock","14":"shipping-taxable","15":"purchasable","16":"product-type-variable"},"uagb_featured_image_src":{"full":["https:\/\/jeanetteornelas.com\/wp-content\/uploads\/2025\/03\/Consulta-de-Naturopatia-e-medicina-integrativa-e1743031336420.jpg",387,387,false],"thumbnail":["https:\/\/jeanetteornelas.com\/wp-content\/uploads\/2025\/03\/Consulta-de-Naturopatia-e-medicina-integrativa-150x150.jpg",150,150,true],"medium":["https:\/\/jeanetteornelas.com\/wp-content\/uploads\/2025\/03\/Consulta-de-Naturopatia-e-medicina-integrativa-300x300.jpg",300,300,true],"medium_large":["https:\/\/jeanetteornelas.com\/wp-content\/uploads\/2025\/03\/Consulta-de-Naturopatia-e-medicina-integrativa-768x768.jpg",768,768,true],"large":["https:\/\/jeanetteornelas.com\/wp-content\/uploads\/2025\/03\/Consulta-de-Naturopatia-e-medicina-integrativa-e1743031336420.jpg",387,387,false],"1536x1536":["https:\/\/jeanetteornelas.com\/wp-content\/uploads\/2025\/03\/Consulta-de-Naturopatia-e-medicina-integrativa-e1743031336420.jpg",387,387,false],"2048x2048":["https:\/\/jeanetteornelas.com\/wp-content\/uploads\/2025\/03\/Consulta-de-Naturopatia-e-medicina-integrativa-e1743031336420.jpg",387,387,false],"trp-custom-language-flag":["https:\/\/jeanetteornelas.com\/wp-content\/uploads\/2025\/03\/Consulta-de-Naturopatia-e-medicina-integrativa-12x12.jpg",12,12,true],"woocommerce_thumbnail":["https:\/\/jeanetteornelas.com\/wp-content\/uploads\/2025\/03\/Consulta-de-Naturopatia-e-medicina-integrativa-300x300.jpg",300,300,true],"woocommerce_single":["https:\/\/jeanetteornelas.com\/wp-content\/uploads\/2025\/03\/Consulta-de-Naturopatia-e-medicina-integrativa-600x600.jpg",600,600,true],"woocommerce_gallery_thumbnail":["https:\/\/jeanetteornelas.com\/wp-content\/uploads\/2025\/03\/Consulta-de-Naturopatia-e-medicina-integrativa-100x100.jpg",100,100,true]},"uagb_author_info":{"display_name":"katmaia","author_link":"https:\/\/jeanetteornelas.com\/es\/author\/"},"uagb_comment_info":0,"uagb_excerpt":"Clique aqui para ver a agenda","_links":{"self":[{"href":"https:\/\/jeanetteornelas.com\/es\/wp-json\/wp\/v2\/product\/1687","targetHints":{"allow":["GET"]}}],"collection":[{"href":"https:\/\/jeanetteornelas.com\/es\/wp-json\/wp\/v2\/product"}],"about":[{"href":"https:\/\/jeanetteornelas.com\/es\/wp-json\/wp\/v2\/types\/product"}],"version-history":[{"count":10,"href":"https:\/\/jeanetteornelas.com\/es\/wp-json\/wp\/v2\/product\/1687\/revisions"}],"predecessor-version":[{"id":2740,"href":"https:\/\/jeanetteornelas.com\/es\/wp-json\/wp\/v2\/product\/1687\/revisions\/2740"}],"wp:featuredmedia":[{"embeddable":true,"href":"https:\/\/jeanetteornelas.com\/es\/wp-json\/wp\/v2\/media\/1818"}],"wp:attachment":[{"href":"https:\/\/jeanetteornelas.com\/es\/wp-json\/wp\/v2\/media?parent=1687"}],"wp:term":[{"taxonomy":"product_brand","embeddable":true,"href":"https:\/\/jeanetteornelas.com\/es\/wp-json\/wp\/v2\/product_brand?post=1687"},{"taxonomy":"product_cat","embeddable":true,"href":"https:\/\/jeanetteornelas.com\/es\/wp-json\/wp\/v2\/product_cat?post=1687"},{"taxonomy":"product_tag","embeddable":true,"href":"https:\/\/jeanetteornelas.com\/es\/wp-json\/wp\/v2\/product_tag?post=1687"}],"curies":[{"name":"wp","href":"https:\/\/api.w.org\/{rel}","templated":true}]}}